{"id":3799,"date":"2021-07-23T10:55:43","date_gmt":"2021-07-23T08:55:43","guid":{"rendered":"https:\/\/hypnosepraxis-greger.de\/?page_id=3799"},"modified":"2026-03-05T20:07:51","modified_gmt":"2026-03-05T19:07:51","slug":"contact","status":"publish","type":"page","link":"https:\/\/hypnosepraxis-greger.de\/en\/contact\/","title":{"rendered":"Contact"},"content":{"rendered":"\n<div class=\"wp-block-columns is-layout-flex wp-container-core-columns-is-layout-9d6595d7 wp-block-columns-is-layout-flex\">\n<div class=\"wp-block-column animated fadeIn delay-200ms is-layout-flow wp-block-column-is-layout-flow\" style=\"flex-basis:50%\">\n<div class=\"wp-block-group\"><div class=\"wp-block-group__inner-container is-layout-constrained wp-block-group-is-layout-constrained\">\n<h5 class=\"wp-block-heading animated fadeIn delay-200ms\" id=\"h-address\"><span class=\"tadv-color\" style=\"color:#000000\">AdDress<\/span><\/h5>\n\n\n\n<p class=\"animated fadeIn delay-200ms\" style=\"line-height:1.5\">Hypnosezentrum<br>(nach Heilpraktikergesetz)<br>\u00d6zge Greger<br>Ackerstra\u00dfe 168a<br>40233 D\u00fcsseldorf<\/p>\n\n\n\n<h5 class=\"wp-block-heading animated fadeIn delay-200ms\" id=\"h-contact\"><strong>Practice opening hours<\/strong><\/h5>\n\n\n\n<p class=\"animated fadeIn delay-200ms\" style=\"line-height:1.5\"><span class=\"tadv-color\" style=\"color:#000000\">Monday-Friday 9 a.m. to 7 p.m.<br>Appointments possible outside opening hours<\/span>; weekend appointments only in exceptions.<\/p>\n\n\n\n<p class=\"animated fadeIn delay-200ms\" style=\"line-height:1.5\">0151.403 340 43<br>post [at] hypnosepraxis-greger [dot] de*<br><a href=\"http:\/\/www.hypnosepraxis-greger.de\">www.hypnosepraxis-greger.de<\/a><br><a href=\"https:\/\/www.etermin.net\/hypnosepraxis-greger\" target=\"_blank\" rel=\"noreferrer noopener\">https:\/\/www.etermin.net\/hypnosepraxis-greger<\/a><\/p>\n\n\n<style>.wp-block-kadence-column.kb-section-dir-horizontal > .kt-inside-inner-col > .kt-info-box3799_3ede99-8d .kt-blocks-info-box-link-wrap{max-width:unset;}.kt-info-box3799_3ede99-8d .kt-blocks-info-box-link-wrap{border-top:0px solid #f1d9ab;border-right:0px solid #f1d9ab;border-bottom:0px solid #f1d9ab;border-left:0px solid #f1d9ab;border-top-left-radius:10px;border-top-right-radius:10px;border-bottom-right-radius:10px;border-bottom-left-radius:10px;background:#f1f0ec;padding-top:var(--global-kb-spacing-xs, 1rem);padding-right:var(--global-kb-spacing-xs, 1rem);padding-bottom:var(--global-kb-spacing-xs, 1rem);padding-left:var(--global-kb-spacing-xs, 1rem);margin-bottom:var(--global-kb-spacing-md, 2rem);}.kt-info-box3799_3ede99-8d .kadence-info-box-icon-container .kt-info-svg-icon, .kt-info-box3799_3ede99-8d .kt-info-svg-icon-flip, .kt-info-box3799_3ede99-8d .kt-blocks-info-box-number{font-size:50px;}.kt-info-box3799_3ede99-8d .kt-blocks-info-box-media{border-top-width:0px;border-right-width:0px;border-bottom-width:0px;border-left-width:0px;padding-top:10px;padding-right:10px;padding-bottom:10px;padding-left:10px;}.kt-info-box3799_3ede99-8d .kt-blocks-info-box-media-container{margin-top:0px;margin-right:15px;margin-bottom:0px;margin-left:15px;}.kt-info-box3799_3ede99-8d .kt-infobox-textcontent h3.kt-blocks-info-box-title{color:#000000;font-family:-apple-system,BlinkMacSystemFont,\"Segoe UI\",Roboto,Oxygen-Sans,Ubuntu,Cantarell,\"Helvetica Neue\",sans-serif, \"Apple Color Emoji\", \"Segoe UI Emoji\", \"Segoe UI Symbol\";font-style:normal;}.kt-info-box3799_3ede99-8d .kt-infobox-textcontent .kt-blocks-info-box-text{color:rgba(0,0,0,0.64);}.wp-block-kadence-infobox.kt-info-box3799_3ede99-8d .kt-blocks-info-box-text{font-size:var(--global-kb-font-size-sm, 0.9rem);font-family:-apple-system,BlinkMacSystemFont,\"Segoe UI\",Roboto,Oxygen-Sans,Ubuntu,Cantarell,\"Helvetica Neue\",sans-serif, \"Apple Color Emoji\", \"Segoe UI Emoji\", \"Segoe UI Symbol\";font-style:normal;}.kt-info-box3799_3ede99-8d .kt-blocks-info-box-learnmore{background:transparent;border-width:0px 0px 0px 0px;padding-top:4px;padding-right:8px;padding-bottom:4px;padding-left:8px;margin-top:10px;margin-right:0px;margin-bottom:10px;margin-left:0px;}@media all and (max-width: 1024px){.kt-info-box3799_3ede99-8d .kt-blocks-info-box-link-wrap{border-top:0px solid #f1d9ab;border-right:0px solid #f1d9ab;border-bottom:0px solid #f1d9ab;border-left:0px solid #f1d9ab;}}@media all and (max-width: 767px){.kt-info-box3799_3ede99-8d .kt-blocks-info-box-link-wrap{border-top:0px solid #f1d9ab;border-right:0px solid #f1d9ab;border-bottom:0px solid #f1d9ab;border-left:0px solid #f1d9ab;}}<\/style>\n<div class=\"wp-block-kadence-infobox kt-info-box3799_3ede99-8d animated fadeIn delay-200ms\"><span class=\"kt-blocks-info-box-link-wrap info-box-link kt-blocks-info-box-media-align-top kt-info-halign-left\"><div class=\"kt-infobox-textcontent\"><p class=\"kt-blocks-info-box-text\"><em>* We respond to inquiries made via phone or email (<em>see <a href=\"https:\/\/hypnosepraxis-greger.de\/datenschutz\/\" data-type=\"URL\" data-id=\"https:\/\/hypnosepraxis-greger.de\/datenschutz\/\">Datenschutz<\/a><\/em>) within 48 hours during business hours. Please always check your spam folder too.<\/em><\/p><\/div><\/span><\/div>\n<\/div><\/div>\n<\/div>\n\n\n\n<div class=\"wp-block-column is-layout-flow wp-block-column-is-layout-flow\" style=\"flex-basis:50%\"><style>.kadence-form-3799_5ac5f7-30 .kb-form .kadence-blocks-form-field{margin-bottom:19px;}.kadence-form-3799_5ac5f7-30 .kb-form .kadence-blocks-form-field{padding-right:4px;padding-left:4px;}.kadence-form-3799_5ac5f7-30 .kb-form{margin-right:-4px;margin-left:-4px;}.kadence-form-3799_5ac5f7-30 .kb-form .kadence-blocks-form-field .kb-text-style-field, .kadence-form-3799_5ac5f7-30 .kb-form .kadence-blocks-form-field .kb-select-style-field{color:#000000;font-size:var(--global-kb-font-size-sm, 0.9rem);border-width:1px 1px 1px 1px;background:#ffffff;border-color:#debc7b;}.kadence-form-3799_5ac5f7-30 .kb-form .kadence-blocks-form-field .kb-text-style-field{padding-top:4px;padding-right:4px;padding-bottom:4px;padding-left:4px;}.kadence-form-3799_5ac5f7-30 .kb-form .kadence-blocks-form-field > label{font-size:var(--global-kb-font-size-sm, 0.9rem);letter-spacing:0px;font-weight:400;}.kadence-form-3799_5ac5f7-30 .kb-form .kadence-blocks-form-field .kb-forms-submit{border-width:2px 2px 2px 2px;background:#debc7b;border-color:#debc7b;}.kadence-form-3799_5ac5f7-30 .kb-form .kadence-blocks-form-field .kb-forms-submit:hover, .kadence-form-3799_5ac5f7-30 .kb-form .kadence-blocks-form-field .kb-forms-submit:focus {color:#debc7b;border-color:#debc7b;background:#ffffff;}.kadence-form-3799_5ac5f7-30 .kb-form .kadence-blocks-form-field .kb-forms-submit{margin-top:0px;margin-right:0px;margin-bottom:0px;margin-left:0px;}.kadence-form-3799_5ac5f7-30 .kb-form .kadence-blocks-form-field .kb-forms-submit{font-size:var(--global-kb-font-size-sm, 0.9rem);font-weight:400;}.kadence-form-3799_5ac5f7-30 .kadence-blocks-form-success{color:#debc7b;border-color:#debc7b;background:#ffffff;}.kadence-form-3799_5ac5f7-30 .kadence-blocks-form-warning{color:#e92323;border-color:#e92323;}.kb-form input.kadence-blocks-field.verify{opacity:0.0;position:absolute;top:0.0;left:0.0;width:0.0;height:0.0;z-index:-1;}@media all and (max-width: 767px){.wp-block-kadence-form.kadence-form-3799_5ac5f7-30.kb-form-wrap{margin-top:0px;}}<\/style>\n<div class=\"wp-block-kadence-form kadence-form-3799_5ac5f7-30 kb-form-wrap animated fadeIn delay-200ms\" id=\"callback\"><form class=\"kb-form\" action=\"\" method=\"post\"><div class=\"kadence-blocks-form-field kb-field-desk-width-100 kb-input-size-custom\"><label for=\"kb_field_3799_5ac5f7-30_0\">Salutation<span class=\"required\">*<\/span><\/label><select name=\"kb_field_0\" id=\"kb_field_3799_5ac5f7-30_0\" data-label=\"Salutation\" type=\"select\" value=\"\" data-type=\"select\" class=\"kb-field kb-select-style-field kb-select-field kb-field-0\" data-required=\"yes\"><option value=\"\" disabled selected>&#8211; &#8211; please select &#8211; &#8211;<\/option><option value=\"Mrs.\">Mrs.<\/option><option value=\"Mr.\">Mr.<\/option><option value=\"Diverse\">Diverse<\/option><\/select><\/div><div class=\"kadence-blocks-form-field kb-form-field-1 kb-field-desk-width-100 kb-input-size-custom\"><label for=\"kb_field_3799_5ac5f7-30_1\">First- and Lastname<span class=\"required\">*<\/span><\/label><input name=\"kb_field_1\" id=\"kb_field_3799_5ac5f7-30_1\" data-label=\"First- and Lastname\" type=\"text\" placeholder=\"\" value=\"\" data-type=\"text\" class=\"kb-field kb-text-style-field kb-text-field kb-field-1\" data-required=\"yes\" data-required-message=\"First- and Lastname required\"\/><\/div><div class=\"kadence-blocks-form-field kb-form-field-2 kb-field-desk-width-100 kb-input-size-custom\"><label for=\"kb_field_3799_5ac5f7-30_2\">Email<span class=\"required\">*<\/span><\/label><input name=\"kb_field_2\" id=\"kb_field_3799_5ac5f7-30_2\" data-label=\"Email\" type=\"email\" placeholder=\"\" value=\"\" data-type=\"email\" class=\"kb-field kb-text-style-field kb-email-field kb-field-2\" data-required=\"yes\" data-required-message=\"Email required\" data-validation-message=\"Email not valid\"\/><\/div><div class=\"kadence-blocks-form-field kb-form-field-3 kb-field-desk-width-100 kb-input-size-custom\"><label for=\"kb_field_3799_5ac5f7-30_3\">Phone number (if a callback is desired)<\/label><input name=\"kb_field_3\" id=\"kb_field_3799_5ac5f7-30_3\" data-label=\"Phone number (if a callback is desired)\" type=\"tel\" placeholder=\"\" value=\"\" data-type=\"tel\" class=\"kb-field kb-text-style-field kb-tel-field kb-field-3\" data-validation-message=\"Phone number not valid\"\/><\/div><div class=\"kadence-blocks-form-field kb-form-field-4 kb-field-desk-width-100 kb-input-size-custom\"><label for=\"kb_field_3799_5ac5f7-30_4\">Note<span class=\"required\">*<\/span><\/label><textarea name=\"kb_field_4\" id=\"kb_field_3799_5ac5f7-30_4\" data-label=\"Note\" type=\"textarea\" placeholder=\"\" data-type=\"textarea\" class=\"kb-field kb-text-style-field kb-textarea-field kb-field-4\" rows=\"4\" data-required=\"yes\" data-required-message=\"Note required\"><\/textarea><\/div><input type=\"hidden\" name=\"_kb_form_id\" value=\"3799_5ac5f7-30\"\/><input type=\"hidden\" name=\"_kb_form_post_id\" value=\"3799\"\/><input type=\"hidden\" name=\"action\" value=\"kb_process_ajax_submit\"\/><input type=\"hidden\" name=\"recaptcha_response\" class=\"kb_recaptcha_response kb_recaptcha_3799_5ac5f7-30\"\/><label class=\"kadence-verify-label\">Email<input class=\"kadence-blocks-field verify\" type=\"text\" name=\"_kb_verify_email\" autocomplete=\"new-password\" aria-hidden=\"true\" placeholder=\"Email\" tabindex=\"-1\" data-1p-ignore=\"true\" data-lpignore=\"true\" \/><\/label><div class=\"kadence-blocks-form-field kb-submit-field kb-field-desk-width-100\"><button class=\"kb-forms-submit button kb-button-size-small kb-button-width-auto\">Send<\/button><\/div><\/form><\/div>\n<noscript><div class=\"kadence-blocks-form-message kadence-blocks-form-warning\">Please enable JavaScript in your browser to submit the form<\/div><style>.kadence-form-3799_5ac5f7-30 .kadence-blocks-form-field.kb-submit-field { display: none; }<\/style><\/noscript><\/div>\n<\/div>\n\n\n\n<p class=\"animated fadeIn delay-200ms\">If you have any questions or special appointment requests, feel free to contact us via the contact form.<\/p>\n\n\n\n<p class=\"animated fadeIn delay-200ms\"><span class=\"tadv-color\" style=\"color:#000000\">When you call, you will <strong>not<\/strong> interrupt ongoing therapy sessions; the answering machine answers automatically.<\/span><\/p>\n\n\n\n<hr class=\"wp-block-separator has-alpha-channel-opacity is-style-wide animated fadeIn delay-200ms\"\/>\n\n\n\n<div class=\"wp-block-columns is-layout-flex wp-container-core-columns-is-layout-9d6595d7 wp-block-columns-is-layout-flex\">\n<div class=\"wp-block-column is-layout-flow wp-block-column-is-layout-flow\">\n<div class=\"wp-block-group animated fadeIn delay-200ms has-background\" style=\"background-color:#f1f0ec\"><div class=\"wp-block-group__inner-container is-layout-constrained wp-block-group-is-layout-constrained\">\n<h5 class=\"wp-block-heading animated fadeIn delay-200ms has-black-color has-text-color has-link-color wp-elements-87c10e52ee487e927c80abd0764469f0\"><strong>Location of the practice<\/strong><\/h5>\n\n\n\n<p class=\"animated fadeIn delay-200ms has-text-color has-link-color wp-elements-e48e38e6d4771533431dbb990f3a0478\" style=\"color:#eaeaea\"><span class=\"tadv-color\" style=\"color:#000000\">The practice is located in D\u00fcsseldorf, Flingern-Nord. <\/span><\/p>\n\n\n\n<p class=\"animated fadeIn delay-200ms\"><span class=\"tadv-color\" style=\"color:#000000\">The stops of the bus lines 737 \/ 834, <\/span>the tram 706 and<span class=\"tadv-color\" style=\"color:#000000\">the U-Bahn 71 \/ U72 \/ U73 \/ U83 are very close to my practice. <\/span>If you are unable to find a parking space, there is free parking at <a href=\"https:\/\/goo.gl\/maps\/DMR8BsLgQuX58duL7\" data-type=\"URL\" data-id=\"https:\/\/goo.gl\/maps\/o4WuWjjTTHMSS8mP8\" target=\"_blank\" rel=\"noreferrer noopener\">Cranachplatz<\/a> (5 mins walk). <\/p>\n\n\n\n<p class=\"animated fadeIn delay-200ms\">The parking spaces in front of the practice are chargeable. <\/p>\n\n\n\n<p class=\"animated fadeIn delay-200ms\">Alternatively, you can also park in the parking garage at Uhlandstra\u00dfe 9 (Uhlandpraxen) (10 mins walk).<\/p>\n\n\n<style>.wp-block-kadence-column.kb-section-dir-horizontal > .kt-inside-inner-col > .kt-info-box3799_0f841e-2e .kt-blocks-info-box-link-wrap{max-width:unset;}.kt-info-box3799_0f841e-2e .kt-blocks-info-box-link-wrap{border-top:3px solid #ece9e4;border-right:3px solid #ece9e4;border-bottom:3px solid #ece9e4;border-left:3px solid #ece9e4;border-top-left-radius:10px;border-top-right-radius:10px;border-bottom-right-radius:10px;border-bottom-left-radius:10px;background:#ffffff;padding-top:var(--global-kb-spacing-xs, 1rem);padding-right:var(--global-kb-spacing-xs, 1rem);padding-bottom:var(--global-kb-spacing-xs, 1rem);padding-left:var(--global-kb-spacing-xs, 1rem);margin-bottom:var(--global-kb-spacing-md, 2rem);}.kt-info-box3799_0f841e-2e .kadence-info-box-icon-container .kt-info-svg-icon, .kt-info-box3799_0f841e-2e .kt-info-svg-icon-flip, .kt-info-box3799_0f841e-2e .kt-blocks-info-box-number{font-size:50px;}.kt-info-box3799_0f841e-2e .kt-blocks-info-box-media{border-top-width:0px;border-right-width:0px;border-bottom-width:0px;border-left-width:0px;padding-top:10px;padding-right:10px;padding-bottom:10px;padding-left:10px;}.kt-info-box3799_0f841e-2e .kt-blocks-info-box-media-container{margin-top:0px;margin-right:15px;margin-bottom:0px;margin-left:15px;}.kt-info-box3799_0f841e-2e .kt-infobox-textcontent h3.kt-blocks-info-box-title{color:#000000;font-family:-apple-system,BlinkMacSystemFont,\"Segoe UI\",Roboto,Oxygen-Sans,Ubuntu,Cantarell,\"Helvetica Neue\",sans-serif, \"Apple Color Emoji\", \"Segoe UI Emoji\", \"Segoe UI Symbol\";font-style:normal;}.kt-info-box3799_0f841e-2e .kt-infobox-textcontent .kt-blocks-info-box-text{color:rgba(0,0,0,0.64);}.wp-block-kadence-infobox.kt-info-box3799_0f841e-2e .kt-blocks-info-box-text{font-family:-apple-system,BlinkMacSystemFont,\"Segoe UI\",Roboto,Oxygen-Sans,Ubuntu,Cantarell,\"Helvetica Neue\",sans-serif, \"Apple Color Emoji\", \"Segoe UI Emoji\", \"Segoe UI Symbol\";font-style:normal;}.kt-info-box3799_0f841e-2e .kt-blocks-info-box-learnmore{background:transparent;border-width:0px 0px 0px 0px;padding-top:4px;padding-right:8px;padding-bottom:4px;padding-left:8px;margin-top:10px;margin-right:0px;margin-bottom:10px;margin-left:0px;}@media all and (max-width: 1024px){.kt-info-box3799_0f841e-2e .kt-blocks-info-box-link-wrap{border-top:3px solid #ece9e4;border-right:3px solid #ece9e4;border-bottom:3px solid #ece9e4;border-left:3px solid #ece9e4;}}@media all and (max-width: 767px){.kt-info-box3799_0f841e-2e .kt-blocks-info-box-link-wrap{border-top:3px solid #ece9e4;border-right:3px solid #ece9e4;border-bottom:3px solid #ece9e4;border-left:3px solid #ece9e4;}}<\/style>\n<div class=\"wp-block-kadence-infobox kt-info-box3799_0f841e-2e animated fadeIn delay-200ms\"><span class=\"kt-blocks-info-box-link-wrap info-box-link kt-blocks-info-box-media-align-top kt-info-halign-center\"><div class=\"kt-infobox-textcontent\"><p class=\"kt-blocks-info-box-text\">There is currently construction work in front of the building. Please allow some extra time to find parking.<\/p><\/div><\/span><\/div>\n<\/div><\/div>\n<\/div>\n\n\n\n<div class=\"wp-block-column animated fadeIn delay-200ms is-layout-flow wp-block-column-is-layout-flow\">\n<iframe src=\"https:\/\/www.google.com\/maps\/embed?pb=!1m18!1m12!1m3!1d2498.384616260388!2d6.81021533523853!3d51.230411113742576!2m3!1f0!2f0!3f0!3m2!1i1024!2i768!4f13.1!3m3!1m2!1s0x47b8cbd5cb6742a9%3A0x8a16d2a9da5fd5ea!2sPraxis%20f%C3%BCr%20Hypnosetherapie%20%C3%96zge%20Greger!5e0!3m2!1sde!2sde!4v1726837329686!5m2!1sde!2sde\" width=\"900\" height=\"400\" style=\"border:0;\" allowfullscreen=\"\" loading=\"lazy\" referrerpolicy=\"no-referrer-when-downgrade\"><\/iframe>\n<\/div>\n<\/div>\n\n\n<style>.wp-block-kadence-column.kb-section-dir-horizontal > .kt-inside-inner-col > .kt-info-box3799_df950c-89 .kt-blocks-info-box-link-wrap{max-width:unset;}.kt-info-box3799_df950c-89 .kt-blocks-info-box-link-wrap{border-top:3px solid #ece9e4;border-right:3px solid #ece9e4;border-bottom:3px solid #ece9e4;border-left:3px solid #ece9e4;border-top-left-radius:10px;border-top-right-radius:10px;border-bottom-right-radius:10px;border-bottom-left-radius:10px;background:#ffffff;padding-top:var(--global-kb-spacing-xs, 1rem);padding-right:var(--global-kb-spacing-xs, 1rem);padding-bottom:var(--global-kb-spacing-xs, 1rem);padding-left:var(--global-kb-spacing-xs, 1rem);margin-bottom:var(--global-kb-spacing-md, 2rem);}.kt-info-box3799_df950c-89 .kadence-info-box-icon-container .kt-info-svg-icon, .kt-info-box3799_df950c-89 .kt-info-svg-icon-flip, .kt-info-box3799_df950c-89 .kt-blocks-info-box-number{font-size:50px;}.kt-info-box3799_df950c-89 .kt-blocks-info-box-media{border-top-width:0px;border-right-width:0px;border-bottom-width:0px;border-left-width:0px;padding-top:10px;padding-right:10px;padding-bottom:10px;padding-left:10px;}.kt-info-box3799_df950c-89 .kt-blocks-info-box-media-container{margin-top:0px;margin-right:15px;margin-bottom:0px;margin-left:15px;}.kt-info-box3799_df950c-89 .kt-infobox-textcontent h3.kt-blocks-info-box-title{color:#000000;font-family:-apple-system,BlinkMacSystemFont,\"Segoe UI\",Roboto,Oxygen-Sans,Ubuntu,Cantarell,\"Helvetica Neue\",sans-serif, \"Apple Color Emoji\", \"Segoe UI Emoji\", \"Segoe UI Symbol\";font-style:normal;}.kt-info-box3799_df950c-89 .kt-infobox-textcontent .kt-blocks-info-box-text{color:rgba(0,0,0,0.64);}.wp-block-kadence-infobox.kt-info-box3799_df950c-89 .kt-blocks-info-box-text{font-family:-apple-system,BlinkMacSystemFont,\"Segoe UI\",Roboto,Oxygen-Sans,Ubuntu,Cantarell,\"Helvetica Neue\",sans-serif, \"Apple Color Emoji\", \"Segoe UI Emoji\", \"Segoe UI Symbol\";font-style:normal;}.kt-info-box3799_df950c-89 .kt-blocks-info-box-learnmore{background:transparent;border-width:0px 0px 0px 0px;padding-top:4px;padding-right:8px;padding-bottom:4px;padding-left:8px;margin-top:10px;margin-right:0px;margin-bottom:10px;margin-left:0px;}@media all and (max-width: 1024px){.kt-info-box3799_df950c-89 .kt-blocks-info-box-link-wrap{border-top:3px solid #ece9e4;border-right:3px solid #ece9e4;border-bottom:3px solid #ece9e4;border-left:3px solid #ece9e4;}}@media all and (max-width: 767px){.kt-info-box3799_df950c-89 .kt-blocks-info-box-link-wrap{border-top:3px solid #ece9e4;border-right:3px solid #ece9e4;border-bottom:3px solid #ece9e4;border-left:3px solid #ece9e4;}}<\/style>\n<div class=\"wp-block-kadence-infobox kt-info-box3799_df950c-89 animated fadeIn delay-200ms\"><span class=\"kt-blocks-info-box-link-wrap info-box-link kt-blocks-info-box-media-align-top kt-info-halign-center\"><div class=\"kt-infobox-textcontent\"><h3 class=\"kt-blocks-info-box-title\">What should I do in an emotional crisis if the practice is not reachable<\/h3><p class=\"kt-blocks-info-box-text\">If you are in an emotional emergency and the practice is not available, please contact the following services:<br><strong>\u00c4rztlicher Bereitschaftsdienst <\/strong>\u2013 Tel. 116 117<br><strong>Sozialpsychiatrischer Dienst D\u00fcsseldorf<\/strong>&nbsp;\u2013 Tel. 0211\u202f-\u202f8995391<br><strong>LVR-Klinikum D\u00fcsseldorf<\/strong>&nbsp;\u2013 Tel. 0211\u202f-\u202f922\u202f0<br>These services can provide professional support in acute crisis situations.<\/p><\/div><\/span><\/div>\n\n\n<p><button id=\"etwidgetBtn\" class=\"etwidgetBtn rightPosBtn\" type=\"button\"><\/button><\/p>\n<div id=\"etwidgetModal\" class=\"etwidget\">\n<div class=\"etcontent\"><span id=\"etWidgetClose\" class=\"etclose\">\u00d7<\/span><iframe loading=\"lazy\" id=\"etifr\" src=\"https:\/\/www.eTermin.net\/hypnosepraxis-greger?lang=en\" scrolling=\"no\" width=\"100%\" height=\"1600px\" frameborder=\"0\"><\/iframe><script id=\"etwidget\" src=\"https:\/\/www.etermin.net\/js\/etwidget.min.js\" data-text=\"Make%20appointment\" data-color=\"#D3A84F\" data-colortext=\"#FFFFFF\" data-pos=\"right\" data-size=\"n\"><\/script><\/div>\n<\/div>\n","protected":false},"excerpt":{"rendered":"<p>AdDress Hypnosezentrum(nach Heilpraktikergesetz)\u00d6zge GregerAckerstra\u00dfe 168a40233 D\u00fcsseldorf Practice opening hours Monday-Friday 9 a.m. to 7 p.m.Appointments possible outside opening hours; weekend appointments only in exceptions. 0151.403 340 43post [at] hypnosepraxis-greger [dot] de*www.hypnosepraxis-greger.dehttps:\/\/www.etermin.net\/hypnosepraxis-greger If you have any questions or special appointment requests, feel free to contact us via the contact form. When you call, you will not &hellip; <\/p>\n<p class=\"link-more\"><a href=\"https:\/\/hypnosepraxis-greger.de\/en\/contact\/\" class=\"more-link\">Continue reading<span class=\"screen-reader-text\"> &#8220;Contact&#8221;<\/span><\/a><\/p>\n","protected":false},"author":1,"featured_media":3636,"parent":0,"menu_order":0,"comment_status":"closed","ping_status":"closed","template":"","meta":{"footnotes":""},"class_list":["post-3799","page","type-page","status-publish","has-post-thumbnail","hentry"],"_links":{"self":[{"href":"https:\/\/hypnosepraxis-greger.de\/en\/wp-json\/wp\/v2\/pages\/3799","targetHints":{"allow":["GET"]}}],"collection":[{"href":"https:\/\/hypnosepraxis-greger.de\/en\/wp-json\/wp\/v2\/pages"}],"about":[{"href":"https:\/\/hypnosepraxis-greger.de\/en\/wp-json\/wp\/v2\/types\/page"}],"author":[{"embeddable":true,"href":"https:\/\/hypnosepraxis-greger.de\/en\/wp-json\/wp\/v2\/users\/1"}],"replies":[{"embeddable":true,"href":"https:\/\/hypnosepraxis-greger.de\/en\/wp-json\/wp\/v2\/comments?post=3799"}],"version-history":[{"count":27,"href":"https:\/\/hypnosepraxis-greger.de\/en\/wp-json\/wp\/v2\/pages\/3799\/revisions"}],"predecessor-version":[{"id":14014,"href":"https:\/\/hypnosepraxis-greger.de\/en\/wp-json\/wp\/v2\/pages\/3799\/revisions\/14014"}],"wp:featuredmedia":[{"embeddable":true,"href":"https:\/\/hypnosepraxis-greger.de\/en\/wp-json\/wp\/v2\/media\/3636"}],"wp:attachment":[{"href":"https:\/\/hypnosepraxis-greger.de\/en\/wp-json\/wp\/v2\/media?parent=3799"}],"curies":[{"name":"wp","href":"https:\/\/api.w.org\/{rel}","templated":true}]}}