{"id":12362,"date":"2026-02-19T15:29:52","date_gmt":"2026-02-19T14:29:52","guid":{"rendered":"https:\/\/hypnosepraxis-greger.de\/?page_id=12362"},"modified":"2026-03-06T16:28:03","modified_gmt":"2026-03-06T15:28:03","slug":"tedavi-ucreti","status":"publish","type":"page","link":"https:\/\/hypnosepraxis-greger.de\/tr\/tedavi-ucreti\/","title":{"rendered":"Tedavi \u00fccreti"},"content":{"rendered":"\n<div class=\"wp-block-columns is-layout-flex wp-container-core-columns-is-layout-9d6595d7 wp-block-columns-is-layout-flex\">\n<div class=\"wp-block-column is-layout-flow wp-block-column-is-layout-flow\"><style>.wp-block-kadence-column.kb-section-dir-horizontal > .kt-inside-inner-col > .kt-info-box12362_e444a1-bb .kt-blocks-info-box-link-wrap{max-width:unset;}.kt-info-box12362_e444a1-bb .kt-blocks-info-box-link-wrap{border-top:3px solid #d3a84f;border-right:3px solid #d3a84f;border-bottom:3px solid #d3a84f;border-left:3px solid #d3a84f;border-top-left-radius:5px;border-top-right-radius:5px;border-bottom-right-radius:5px;border-bottom-left-radius:5px;background:#ffffff;padding-top:var(--global-kb-spacing-xs, 1rem);padding-right:var(--global-kb-spacing-xs, 1rem);padding-bottom:var(--global-kb-spacing-xs, 1rem);padding-left:var(--global-kb-spacing-xs, 1rem);}.kt-info-box12362_e444a1-bb .kadence-info-box-icon-container .kt-info-svg-icon, .kt-info-box12362_e444a1-bb .kt-info-svg-icon-flip, .kt-info-box12362_e444a1-bb .kt-blocks-info-box-number{font-size:50px;}.kt-info-box12362_e444a1-bb .kt-blocks-info-box-media{border-radius:200px;overflow:hidden;border-top-width:0px;border-right-width:0px;border-bottom-width:0px;border-left-width:0px;padding-top:0px;padding-right:0px;padding-bottom:0px;padding-left:0px;margin-top:0px;margin-right:20px;margin-bottom:0px;margin-left:0px;}.kt-info-box12362_e444a1-bb .kt-infobox-textcontent h2.kt-blocks-info-box-title{font-size:var(--global-kb-font-size-md, 1.25rem);padding-top:0px;padding-right:0px;padding-bottom:0px;padding-left:0px;margin-top:5px;margin-right:0px;margin-bottom:10px;margin-left:0px;}.kt-info-box12362_e444a1-bb .kt-infobox-textcontent .kt-blocks-info-box-text{color:#000000;}.kt-info-box12362_e444a1-bb .kt-blocks-info-box-learnmore{background:transparent;border-width:0px 0px 0px 0px;padding-top:4px;padding-right:8px;padding-bottom:4px;padding-left:8px;margin-top:10px;margin-right:0px;margin-bottom:10px;margin-left:0px;}.kt-info-box12362_e444a1-bb .kt-blocks-info-box-link-wrap{box-shadow:0px 0px 0px 0px rgba(0, 0, 0, 0);}.kt-info-box12362_e444a1-bb .kt-blocks-info-box-link-wrap:hover{box-shadow:0px 0px 14px 0px rgba(0, 0, 0, 0.2);}@media all and (max-width: 1024px){.kt-info-box12362_e444a1-bb .kt-blocks-info-box-link-wrap{border-top:3px solid #d3a84f;border-right:3px solid #d3a84f;border-bottom:3px solid #d3a84f;border-left:3px solid #d3a84f;box-shadow:0px 0px 0px 0px rgba(0, 0, 0, 0);}}@media all and (max-width: 1024px){.kt-info-box12362_e444a1-bb .kt-blocks-info-box-link-wrap:hover{box-shadow:0px 0px 14px 0px rgba(0, 0, 0, 0.2);}}@media all and (max-width: 767px){.kt-info-box12362_e444a1-bb .kt-blocks-info-box-link-wrap{border-top:3px solid #d3a84f;border-right:3px solid #d3a84f;border-bottom:3px solid #d3a84f;border-left:3px solid #d3a84f;box-shadow:0px 0px 0px 0px rgba(0, 0, 0, 0);}.kt-info-box12362_e444a1-bb .kt-blocks-info-box-link-wrap:hover{box-shadow:0px 0px 14px 0px rgba(0, 0, 0, 0.2);}}<\/style>\n<div class=\"wp-block-kadence-infobox kt-info-box12362_e444a1-bb animated fadeIn delay-200ms\"><a class=\"kt-blocks-info-box-link-wrap info-box-link kt-blocks-info-box-media-align-left kt-info-halign-left\" href=\"https:\/\/www.etermin.net\/hypnosepraxis-greger\/serviceid\/419983?noinitscroll=1&amp;lang=tr\" aria-label=\"Erstsitzung\" target=\"_blank\" rel=\"noopener\"><div class=\"kt-infobox-textcontent\"><h2 class=\"kt-blocks-info-box-title\">\u0130lk Seans &#8230;&#8230;. 300\u20ac<\/h2><p class=\"kt-blocks-info-box-text\">Anamnez, hipnoz, EMDR veya Havening ile bireysel olarak uyarlanm\u0131\u015f terap\u00f6tik \u00e7al\u0131\u015fma ve bir rahatlama audiosu dahildir.<br><br>\u0130lk 15 dakika i\u00e7inde birlikte \u00e7al\u0131\u015fman\u0131n sizin i\u00e7in uygun olmad\u0131\u011f\u0131na karar verirsek, elbette sizin i\u00e7in herhangi bir \u00fccret olu\u015fmaz.<br><br>Sigara b\u0131rakma hipnozu ile terap\u00f6tik hipnoz aras\u0131nda ge\u00e7i\u015f yap\u0131lmas\u0131 yeni bir ilk seans olarak de\u011ferlendirilir.<\/p><\/div><\/a><\/div>\n<\/div>\n\n\n\n<div class=\"wp-block-column is-layout-flow wp-block-column-is-layout-flow\"><style>.wp-block-kadence-column.kb-section-dir-horizontal > .kt-inside-inner-col > .kt-info-box12362_a6b460-41 .kt-blocks-info-box-link-wrap{max-width:unset;}.kt-info-box12362_a6b460-41 .kt-blocks-info-box-link-wrap{border-top:3px solid #cccac7;border-right:3px solid #cccac7;border-bottom:3px solid #cccac7;border-left:3px solid #cccac7;border-top-left-radius:5px;border-top-right-radius:5px;border-bottom-right-radius:5px;border-bottom-left-radius:5px;background:#ffffff;padding-top:var(--global-kb-spacing-xs, 1rem);padding-right:var(--global-kb-spacing-xs, 1rem);padding-bottom:var(--global-kb-spacing-xs, 1rem);padding-left:var(--global-kb-spacing-xs, 1rem);}.kt-info-box12362_a6b460-41 .kadence-info-box-icon-container .kt-info-svg-icon, .kt-info-box12362_a6b460-41 .kt-info-svg-icon-flip, .kt-info-box12362_a6b460-41 .kt-blocks-info-box-number{font-size:50px;}.kt-info-box12362_a6b460-41 .kt-blocks-info-box-media{border-radius:200px;overflow:hidden;border-top-width:0px;border-right-width:0px;border-bottom-width:0px;border-left-width:0px;padding-top:0px;padding-right:0px;padding-bottom:0px;padding-left:0px;margin-top:0px;margin-right:20px;margin-bottom:0px;margin-left:0px;}.kt-info-box12362_a6b460-41 .kt-infobox-textcontent h2.kt-blocks-info-box-title{font-size:var(--global-kb-font-size-md, 1.25rem);padding-top:0px;padding-right:0px;padding-bottom:0px;padding-left:0px;margin-top:5px;margin-right:0px;margin-bottom:10px;margin-left:0px;}.kt-info-box12362_a6b460-41 .kt-infobox-textcontent .kt-blocks-info-box-text{color:#000000;}.kt-info-box12362_a6b460-41 .kt-blocks-info-box-learnmore{background:transparent;border-width:0px 0px 0px 0px;padding-top:4px;padding-right:8px;padding-bottom:4px;padding-left:8px;margin-top:10px;margin-right:0px;margin-bottom:10px;margin-left:0px;}.kt-info-box12362_a6b460-41 .kt-blocks-info-box-link-wrap{box-shadow:0px 0px 0px 0px rgba(0, 0, 0, 0);}.kt-info-box12362_a6b460-41 .kt-blocks-info-box-link-wrap:hover{box-shadow:0px 0px 14px 0px rgba(0, 0, 0, 0.2);}@media all and (max-width: 1024px){.kt-info-box12362_a6b460-41 .kt-blocks-info-box-link-wrap{border-top:3px solid #cccac7;border-right:3px solid #cccac7;border-bottom:3px solid #cccac7;border-left:3px solid #cccac7;box-shadow:0px 0px 0px 0px rgba(0, 0, 0, 0);}}@media all and (max-width: 1024px){.kt-info-box12362_a6b460-41 .kt-blocks-info-box-link-wrap:hover{box-shadow:0px 0px 14px 0px rgba(0, 0, 0, 0.2);}}@media all and (max-width: 767px){.kt-info-box12362_a6b460-41 .kt-blocks-info-box-link-wrap{border-top:3px solid #cccac7;border-right:3px solid #cccac7;border-bottom:3px solid #cccac7;border-left:3px solid #cccac7;box-shadow:0px 0px 0px 0px rgba(0, 0, 0, 0);}.kt-info-box12362_a6b460-41 .kt-blocks-info-box-link-wrap:hover{box-shadow:0px 0px 14px 0px rgba(0, 0, 0, 0.2);}}<\/style>\n<div class=\"wp-block-kadence-infobox kt-info-box12362_a6b460-41 animated fadeIn delay-200ms\"><a class=\"kt-blocks-info-box-link-wrap info-box-link kt-blocks-info-box-media-align-left kt-info-halign-left\" href=\"https:\/\/www.etermin.net\/hypnosepraxis-greger\/serviceid\/508781?noinitscroll=1&amp;lang=tr\" aria-label=\"Folgesitzung\" target=\"_blank\" rel=\"noopener\"><div class=\"kt-infobox-textcontent\"><h2 class=\"kt-blocks-info-box-title\">Sonraki Seanslar &#8230;&#8230;. 150\u20ac<\/h2><p class=\"kt-blocks-info-box-text\">Seanslar yakla\u015f\u0131k 60 dakika s\u00fcrer ve iki haftal\u0131k aral\u0131klarla planlan\u0131r; ihtiya\u00e7 halinde haftal\u0131k seanslar da m\u00fcmk\u00fcnd\u00fcr.<br><br>Takip seanslar\u0131nda, ba\u015flat\u0131lan s\u00fcreci derinle\u015ftirir ve sizin i\u00e7in en uygun y\u00f6ntemlerle \u00e7al\u0131\u015fmaya devam ederiz (hipnoz, EMDR, Havening).<\/p><\/div><\/a><\/div>\n<\/div>\n<\/div>\n\n\n\n<p><\/p>\n\n\n\n<p class=\"animated fadeIn delay-200ms\">\u00d6nceden sorular\u0131n\u0131z varsa memnuniyetle bir mesaj yazabilirsiniz.<br>Gerekirse k\u0131sa bir telefon g\u00f6r\u00fc\u015fmesi ayarlayabiliriz.<\/p>\n\n\n\n<p class=\"animated fadeIn\">T\u00fcm seanslar\u0131 online olarak da sunuyoruz \u2014 T\u00fcrk\u00e7e,&nbsp;<a href=\"https:\/\/hypnosepraxis-greger.de\/\">Almanca<\/a>&nbsp;veya&nbsp;<a href=\"https:\/\/hypnosepraxis-greger.de\/en\/\">\u0130ngilizce<\/a>&nbsp;olarak.<\/p>\n\n\n\n<h2 class=\"wp-block-heading animated fadeIn delay-200ms\">\u0130ptal \u00dccretleri<\/h2>\n\n\n\n<p class=\"animated fadeIn delay-200ms\">Randevu iptalleri, mesai saatleri i\u00e7inde (Pazartesi\u2013Cuma)&nbsp;<strong>en az 48 saat \u00f6ncesine kadar<\/strong>&nbsp;\u00fccretsizdir.<\/p>\n\n\n\n<p class=\"animated fadeIn delay-200ms\">Daha ge\u00e7 yap\u0131lan iptallerde veya randevuya gelinmemesi durumunda, hastal\u0131k halinde dahi,&nbsp;<strong>kararla\u015ft\u0131r\u0131lan \u00fccretin %100\u2019\u00fc<\/strong>&nbsp;tahsil edilir.<\/p>\n\n\n\n<h2 class=\"wp-block-heading animated fadeIn delay-200ms\">Uzatma \/ Ek Hizmetler<\/h2>\n\n\n\n<p class=\"animated fadeIn delay-200ms\">Daha uzun seanslar veya terap\u00f6tik ek g\u00f6r\u00fc\u015fmeler, terapi belgesi (25 \u20ac) ya da doktorlar\/terapistlerle yap\u0131lan g\u00f6r\u00fc\u015fmeler gibi ek hizmetler&nbsp;15 dakika ba\u015f\u0131na 25 \u20ac&nbsp;olarak \u00fccretlendirilir.<\/p>\n\n\n\n<p class=\"animated fadeIn delay-200ms\">T\u00fcm ek hizmetler&nbsp;\u00f6nceden yap\u0131lan anla\u015fma&nbsp;do\u011frultusunda sunulur.<\/p>\n\n\n\n<h2 class=\"wp-block-heading animated fadeIn delay-200ms\">Kendi \u00d6demesini Yapan Dan\u0131\u015fanlar \u0130\u00e7in Faturaland\u0131rma<\/h2>\n\n\n\n<p class=\"animated fadeIn delay-200ms\">S\u00fcpervizyon ve ko\u00e7luk hizmetleri i\u00e7in de fatura d\u00fczenlenebilir.<\/p>\n\n\n\n<p class=\"animated fadeIn delay-200ms\">\u00d6deme, seans sonras\u0131nda&nbsp;kart ile&nbsp;rahatl\u0131kla yap\u0131labilir.<\/p>\n\n\n\n<p class=\"animated fadeIn delay-200ms\">Yap\u0131lan \u00f6demeler, vergi beyannamesinde&nbsp;talep edilebilirsiniz.<\/p>\n\n\n\n<p class=\"animated fadeIn delay-200ms\">\u00d6zel sa\u011fl\u0131k sigortas\u0131 veya ek sigortas\u0131 olan dan\u0131\u015fanlar\u0131n masraflar\u0131&nbsp;tamamen veya k\u0131smen&nbsp;kar\u015f\u0131lanabilir. L\u00fctfen \u00f6nceden sigorta \u015firketinizle g\u00f6r\u00fc\u015f\u00fcn\u00fcz.<\/p>\n\n\n<p><button id=\"etwidgetBtn\" class=\"etwidgetBtn rightPosBtn\" type=\"button\"><\/button><\/p>\n<div id=\"etwidgetModal\" class=\"etwidget\">\n<div class=\"etcontent\"><span id=\"etWidgetClose\" class=\"etclose\">\u00d7<\/span><iframe loading=\"lazy\" id=\"etifr\" src=\"https:\/\/www.eTermin.net\/hypnosepraxis-greger?lang=tr\" scrolling=\"no\" width=\"100%\" height=\"1600px\" frameborder=\"0\"><\/iframe><script id=\"etwidget\" src=\"https:\/\/www.etermin.net\/js\/etwidget.min.js\" data-text=\"Randevu%20al\" data-color=\"#D3A84F\" data-colortext=\"#FFFFFF\" data-pos=\"right\" data-size=\"n\"><\/script><\/div>\n<\/div>\n","protected":false},"excerpt":{"rendered":"<p>\u00d6nceden sorular\u0131n\u0131z varsa memnuniyetle bir mesaj yazabilirsiniz.Gerekirse k\u0131sa bir telefon g\u00f6r\u00fc\u015fmesi ayarlayabiliriz. T\u00fcm seanslar\u0131 online olarak da sunuyoruz \u2014 T\u00fcrk\u00e7e,&nbsp;Almanca&nbsp;veya&nbsp;\u0130ngilizce&nbsp;olarak. \u0130ptal \u00dccretleri Randevu iptalleri, mesai saatleri i\u00e7inde (Pazartesi\u2013Cuma)&nbsp;en az 48 saat \u00f6ncesine kadar&nbsp;\u00fccretsizdir. Daha ge\u00e7 yap\u0131lan iptallerde veya randevuya gelinmemesi durumunda, hastal\u0131k halinde dahi,&nbsp;kararla\u015ft\u0131r\u0131lan \u00fccretin %100\u2019\u00fc&nbsp;tahsil edilir. Uzatma \/ Ek Hizmetler Daha uzun seanslar veya &hellip; <\/p>\n<p class=\"link-more\"><a href=\"https:\/\/hypnosepraxis-greger.de\/tr\/tedavi-ucreti\/\" class=\"more-link\">Okumaya devam et<span class=\"screen-reader-text\"> &#8220;Tedavi \u00fccreti&#8221;<\/span><\/a><\/p>\n","protected":false},"author":1,"featured_media":3649,"parent":0,"menu_order":0,"comment_status":"closed","ping_status":"closed","template":"","meta":{"footnotes":""},"class_list":["post-12362","page","type-page","status-publish","has-post-thumbnail","hentry"],"_links":{"self":[{"href":"https:\/\/hypnosepraxis-greger.de\/tr\/wp-json\/wp\/v2\/pages\/12362","targetHints":{"allow":["GET"]}}],"collection":[{"href":"https:\/\/hypnosepraxis-greger.de\/tr\/wp-json\/wp\/v2\/pages"}],"about":[{"href":"https:\/\/hypnosepraxis-greger.de\/tr\/wp-json\/wp\/v2\/types\/page"}],"author":[{"embeddable":true,"href":"https:\/\/hypnosepraxis-greger.de\/tr\/wp-json\/wp\/v2\/users\/1"}],"replies":[{"embeddable":true,"href":"https:\/\/hypnosepraxis-greger.de\/tr\/wp-json\/wp\/v2\/comments?post=12362"}],"version-history":[{"count":33,"href":"https:\/\/hypnosepraxis-greger.de\/tr\/wp-json\/wp\/v2\/pages\/12362\/revisions"}],"predecessor-version":[{"id":14144,"href":"https:\/\/hypnosepraxis-greger.de\/tr\/wp-json\/wp\/v2\/pages\/12362\/revisions\/14144"}],"wp:featuredmedia":[{"embeddable":true,"href":"https:\/\/hypnosepraxis-greger.de\/tr\/wp-json\/wp\/v2\/media\/3649"}],"wp:attachment":[{"href":"https:\/\/hypnosepraxis-greger.de\/tr\/wp-json\/wp\/v2\/media?parent=12362"}],"curies":[{"name":"wp","href":"https:\/\/api.w.org\/{rel}","templated":true}]}}