{"id":12513,"date":"2021-09-04T21:22:09","date_gmt":"2021-09-04T19:22:09","guid":{"rendered":"https:\/\/hypnosepraxis-greger.de\/?page_id=12513"},"modified":"2026-03-06T19:27:14","modified_gmt":"2026-03-06T18:27:14","slug":"duygusal-yeme","status":"publish","type":"page","link":"https:\/\/hypnosepraxis-greger.de\/tr\/terapi-konulari\/duygusal-yeme\/","title":{"rendered":"Duygusal yeme"},"content":{"rendered":"\n<div class=\"wp-block-group\"><div class=\"wp-block-group__inner-container is-layout-constrained wp-block-group-is-layout-constrained\">\n<h2 class=\"wp-block-heading animated fadeIn delay-200ms\">SA\u011eLIKLI BESLENME<\/h2>\n\n\n\n<p class=\"animated fadeIn delay-200ms\">Yanl\u0131\u015f beslenme al\u0131\u015fkanl\u0131klar\u0131 veya duygusal fakt\u00f6rler kilo sorunlar\u0131n\u0131n en s\u0131k nedenlerindendir. Hipnoz sayesinde, derinlerdeki blokajlar \u00e7\u00f6z\u00fcl\u00fcr ve eski, sa\u011fl\u0131ks\u0131z al\u0131\u015fkanl\u0131klar kolayca de\u011fi\u015ftirilebilir.<\/p>\n\n\n\n<h2 class=\"wp-block-heading animated fadeIn delay-200ms\">Duygusal yeme al\u0131\u015fkanl\u0131klar\u0131n\u0131 b\u0131rak\u0131n<\/h2>\n\n\n\n<p class=\"animated fadeIn delay-200ms\">Stres, ge\u00e7mi\u015f yaralar veya gizli korkular kilo al\u0131m\u0131n\u0131 tetikleyebilir. Hipnoz, bu duygusal tetikleyicileri hafifleterek yeme davran\u0131\u015f\u0131n\u0131z\u0131 kontrol alt\u0131na alman\u0131za yard\u0131mc\u0131 olur.<\/p>\n<\/div><\/div>\n\n\n\n<hr class=\"wp-block-separator has-alpha-channel-opacity is-style-wide animated fadeIn delay-200ms\"\/>\n\n\n\n<div class=\"wp-block-group\"><div class=\"wp-block-group__inner-container is-layout-constrained wp-block-group-is-layout-constrained\">\n<div class=\"wp-block-columns is-layout-flex wp-container-core-columns-is-layout-9d6595d7 wp-block-columns-is-layout-flex\">\n<div class=\"wp-block-column is-layout-flow wp-block-column-is-layout-flow\">\n<div class=\"wp-block-group borderedtext\"><div class=\"wp-block-group__inner-container is-layout-constrained wp-block-group-is-layout-constrained\">\n<h2 class=\"wp-block-heading animated fadeIn delay-200ms\">Hipnoz ile sa\u011fl\u0131kl\u0131 de\u011fi\u015fim<\/h2>\n\n\n\n<ul class=\"wp-block-list\">\n<li class=\"animated fadeIn delay-200ms\">Yemekle daha bilin\u00e7li bir ili\u015fki<\/li>\n\n\n\n<li class=\"animated fadeIn delay-200ms\">Ger\u00e7ek fiziksel a\u00e7l\u0131k hissine g\u00f6re yemek yemek<\/li>\n\n\n\n<li class=\"animated fadeIn delay-200ms\">Duygularla tetiklenen yeme d\u00fcrt\u00fclerinin azalmas\u0131<\/li>\n\n\n\n<li class=\"animated fadeIn delay-200ms\">Yeme davran\u0131\u015f\u0131 \u00fczerinde daha fazla i\u00e7sel kontrol<\/li>\n\n\n\n<li class=\"animated fadeIn delay-200ms\">Sa\u011fl\u0131kl\u0131 beslenmeye y\u00f6nelik artan motivasyon<\/li>\n\n\n\n<li class=\"animated fadeIn delay-200ms\">Hareketten daha fazla keyif almak<\/li>\n<\/ul>\n<\/div><\/div>\n<\/div>\n\n\n\n<div class=\"wp-block-column is-layout-flow wp-block-column-is-layout-flow\">\n<figure class=\"wp-block-image size-medium is-resized animated fadeIn delay-200ms\"><img loading=\"lazy\" decoding=\"async\" width=\"300\" height=\"200\" src=\"https:\/\/hypnosepraxis-greger.de\/wp-content\/uploads\/2024\/10\/iStock-1500051695-300x200.jpg\" alt=\"\" class=\"wp-image-7810\" style=\"width:321px;height:auto\" srcset=\"https:\/\/hypnosepraxis-greger.de\/wp-content\/uploads\/2024\/10\/iStock-1500051695-300x200.jpg 300w, https:\/\/hypnosepraxis-greger.de\/wp-content\/uploads\/2024\/10\/iStock-1500051695-1024x683.jpg 1024w, https:\/\/hypnosepraxis-greger.de\/wp-content\/uploads\/2024\/10\/iStock-1500051695-768x512.jpg 768w, https:\/\/hypnosepraxis-greger.de\/wp-content\/uploads\/2024\/10\/iStock-1500051695-1536x1024.jpg 1536w, https:\/\/hypnosepraxis-greger.de\/wp-content\/uploads\/2024\/10\/iStock-1500051695-2048x1365.jpg 2048w\" sizes=\"auto, (max-width: 300px) 100vw, 300px\" \/><\/figure>\n<\/div>\n<\/div>\n<\/div><\/div>\n\n\n\n<hr class=\"wp-block-separator has-alpha-channel-opacity is-style-wide animated fadeIn delay-200ms\"\/>\n\n\n\n<div class=\"wp-block-group\"><div class=\"wp-block-group__inner-container is-layout-constrained wp-block-group-is-layout-constrained\">\n<p class=\"animated fadeIn delay-200ms\" id=\"h-gewichtsabnahme-mit-hypnose\">Kal\u0131c\u0131 ve nazik bir y\u00f6ntemle, kilo verme yolculu\u011funuzu destekliyoruz. Her seans sizi hedeflerinize bir ad\u0131m daha yakla\u015ft\u0131r\u0131r.<\/p>\n\n\n\n<p class=\"animated fadeIn delay-200ms\">L\u00fctfen her zaman \u015funu unutmay\u0131n: Kilo sorunlar\u0131n\u0131z\u0131n yaln\u0131zca d\u00fcn ba\u015flamad\u0131\u011f\u0131n\u0131 ve ba\u015far\u0131 elde etmek i\u00e7in birden fazla seansa ihtiya\u00e7 duyabilece\u011finizi.<\/p>\n\n\n\n<div class=\"wp-block-buttons is-horizontal is-content-justification-center is-layout-flex wp-container-core-buttons-is-layout-18e77fc0 wp-block-buttons-is-layout-flex\">\n<div class=\"wp-block-button\"><a class=\"wp-block-button__link has-background wp-element-button\" href=\"https:\/\/www.etermin.net\/hypnosepraxis-greger\/serviceid\/419983?noinitscroll=1&amp;lang=tr\" style=\"background-color:#d3a84f\" target=\"_blank\" rel=\"noopener\">Randevu Al<\/a><\/div>\n<\/div>\n\n\n<p><button id=\"etwidgetBtn\" class=\"etwidgetBtn rightPosBtn\" type=\"button\"><\/button><\/p>\n<div id=\"etwidgetModal\" class=\"etwidget\">\n<div class=\"etcontent\"><span id=\"etWidgetClose\" class=\"etclose\">\u00d7<\/span><iframe loading=\"lazy\" id=\"etifr\" src=\"https:\/\/www.eTermin.net\/hypnosepraxis-greger?lang=tr\" scrolling=\"no\" width=\"100%\" height=\"1600px\" frameborder=\"0\"><\/iframe><script id=\"etwidget\" src=\"https:\/\/www.etermin.net\/js\/etwidget.min.js\" data-text=\"Randevu%20al\" data-color=\"#D3A84F\" data-colortext=\"#FFFFFF\" data-pos=\"right\" data-size=\"n\"><\/script><\/div>\n<\/div>\n<\/div><\/div>\n","protected":false},"excerpt":{"rendered":"<p>SA\u011eLIKLI BESLENME Yanl\u0131\u015f beslenme al\u0131\u015fkanl\u0131klar\u0131 veya duygusal fakt\u00f6rler kilo sorunlar\u0131n\u0131n en s\u0131k nedenlerindendir. Hipnoz sayesinde, derinlerdeki blokajlar \u00e7\u00f6z\u00fcl\u00fcr ve eski, sa\u011fl\u0131ks\u0131z al\u0131\u015fkanl\u0131klar kolayca de\u011fi\u015ftirilebilir. Duygusal yeme al\u0131\u015fkanl\u0131klar\u0131n\u0131 b\u0131rak\u0131n Stres, ge\u00e7mi\u015f yaralar veya gizli korkular kilo al\u0131m\u0131n\u0131 tetikleyebilir. Hipnoz, bu duygusal tetikleyicileri hafifleterek yeme davran\u0131\u015f\u0131n\u0131z\u0131 kontrol alt\u0131na alman\u0131za yard\u0131mc\u0131 olur. Hipnoz ile sa\u011fl\u0131kl\u0131 de\u011fi\u015fim Kal\u0131c\u0131 ve &hellip; <\/p>\n<p class=\"link-more\"><a href=\"https:\/\/hypnosepraxis-greger.de\/tr\/terapi-konulari\/duygusal-yeme\/\" class=\"more-link\">Okumaya devam et<span class=\"screen-reader-text\"> &#8220;Duygusal yeme&#8221;<\/span><\/a><\/p>\n","protected":false},"author":1,"featured_media":0,"parent":3913,"menu_order":3,"comment_status":"closed","ping_status":"closed","template":"","meta":{"footnotes":""},"class_list":["post-12513","page","type-page","status-publish","hentry"],"_links":{"self":[{"href":"https:\/\/hypnosepraxis-greger.de\/tr\/wp-json\/wp\/v2\/pages\/12513","targetHints":{"allow":["GET"]}}],"collection":[{"href":"https:\/\/hypnosepraxis-greger.de\/tr\/wp-json\/wp\/v2\/pages"}],"about":[{"href":"https:\/\/hypnosepraxis-greger.de\/tr\/wp-json\/wp\/v2\/types\/page"}],"author":[{"embeddable":true,"href":"https:\/\/hypnosepraxis-greger.de\/tr\/wp-json\/wp\/v2\/users\/1"}],"replies":[{"embeddable":true,"href":"https:\/\/hypnosepraxis-greger.de\/tr\/wp-json\/wp\/v2\/comments?post=12513"}],"version-history":[{"count":10,"href":"https:\/\/hypnosepraxis-greger.de\/tr\/wp-json\/wp\/v2\/pages\/12513\/revisions"}],"predecessor-version":[{"id":14229,"href":"https:\/\/hypnosepraxis-greger.de\/tr\/wp-json\/wp\/v2\/pages\/12513\/revisions\/14229"}],"up":[{"embeddable":true,"href":"https:\/\/hypnosepraxis-greger.de\/tr\/wp-json\/wp\/v2\/pages\/3913"}],"wp:attachment":[{"href":"https:\/\/hypnosepraxis-greger.de\/tr\/wp-json\/wp\/v2\/media?parent=12513"}],"curies":[{"name":"wp","href":"https:\/\/api.w.org\/{rel}","templated":true}]}}