{"id":12576,"date":"2021-09-04T20:46:19","date_gmt":"2021-09-04T18:46:19","guid":{"rendered":"https:\/\/hypnosepraxis-greger.de\/?page_id=12576"},"modified":"2026-03-06T17:52:08","modified_gmt":"2026-03-06T16:52:08","slug":"kontrol-edilemeyen-duygular","status":"publish","type":"page","link":"https:\/\/hypnosepraxis-greger.de\/tr\/terapi-konulari\/kontrol-edilemeyen-duygular\/","title":{"rendered":"Kontrol Edilemeyen Duygular"},"content":{"rendered":"\n<h2 class=\"wp-block-heading animated fadeIn delay-200ms\">Duygular\u0131 Anlamak ve Kontrol\u00fc Geri Kazanmak<\/h2>\n\n\n\n<p class=\"animated fadeIn delay-200ms\">K\u0131skan\u00e7l\u0131k, \u00f6fke veya korku gibi kontrol edilemeyen duygular, ili\u015fkileri, g\u00fcnl\u00fck ya\u015fam\u0131 ve \u00f6z-de\u011feri zorlayabilir. Bu duygular genellikle, ki\u015finin kendini korumak i\u00e7in bilin\u00e7alt\u0131na bast\u0131\u011f\u0131 eski hislerden kaynaklan\u0131r.<\/p>\n\n\n\n<h2 class=\"wp-block-heading animated fadeIn delay-200ms\">Hipnoz ile duygusal \u00f6zg\u00fcrl\u00fck<\/h2>\n\n\n\n<p class=\"animated fadeIn delay-200ms\">Hipnoz, bilin\u00e7alt\u0131na eri\u015fim sa\u011flar, eski duygusal blokajlar\u0131 \u00e7\u00f6zer ve y\u0131k\u0131c\u0131 kal\u0131plar\u0131n kal\u0131c\u0131 olarak de\u011fi\u015fmesine yard\u0131mc\u0131 olur. Art\u0131k durumlara tepki verirken daha bilin\u00e7li olursunuz ve duygular\u0131n\u0131z \u00fczerinde kontrol kazan\u0131rs\u0131n\u0131z.<\/p>\n\n\n\n<hr class=\"wp-block-separator has-alpha-channel-opacity is-style-wide animated fadeIn delay-200ms\"\/>\n\n\n\n<div class=\"wp-block-group\"><div class=\"wp-block-group__inner-container is-layout-constrained wp-block-group-is-layout-constrained\">\n<div class=\"wp-block-group\"><div class=\"wp-block-group__inner-container is-layout-constrained wp-block-group-is-layout-constrained\">\n<div class=\"wp-block-columns is-layout-flex wp-container-core-columns-is-layout-9d6595d7 wp-block-columns-is-layout-flex\">\n<div class=\"wp-block-column is-layout-flow wp-block-column-is-layout-flow\">\n<div class=\"wp-block-group borderedtext\"><div class=\"wp-block-group__inner-container is-layout-constrained wp-block-group-is-layout-constrained\">\n<h2 class=\"wp-block-heading animated fadeIn delay-200ms\">Faydalar\u0131n\u0131z<\/h2>\n\n\n\n<ul class=\"wp-block-list\">\n<li class=\"animated fadeIn delay-200ms\">Daha fazla i\u00e7 huzur ve sakinlik<\/li>\n\n\n\n<li class=\"animated fadeIn delay-200ms\">Duygulara bilin\u00e7li tepkiler<\/li>\n\n\n\n<li class=\"animated fadeIn delay-200ms\">\u0130li\u015fkilerde daha az \u00e7at\u0131\u015fma<\/li>\n\n\n\n<li class=\"animated fadeIn delay-200ms\">Bast\u0131r\u0131lm\u0131\u015f derin duygulara eri\u015fim<\/li>\n\n\n\n<li class=\"animated fadeIn delay-200ms\">Kal\u0131c\u0131 duygusal denge<\/li>\n<\/ul>\n<\/div><\/div>\n<\/div>\n\n\n\n<div class=\"wp-block-column is-layout-flow wp-block-column-is-layout-flow\">\n<figure class=\"wp-block-image size-medium animated fadeIn delay-200ms\"><img loading=\"lazy\" decoding=\"async\" width=\"300\" height=\"200\" src=\"https:\/\/hypnosepraxis-greger.de\/wp-content\/uploads\/2026\/02\/matt-paul-catalano-0QEG_xOoY7Y-unsplash-1-300x200.jpg\" alt=\"\" class=\"wp-image-13035\" srcset=\"https:\/\/hypnosepraxis-greger.de\/wp-content\/uploads\/2026\/02\/matt-paul-catalano-0QEG_xOoY7Y-unsplash-1-300x200.jpg 300w, https:\/\/hypnosepraxis-greger.de\/wp-content\/uploads\/2026\/02\/matt-paul-catalano-0QEG_xOoY7Y-unsplash-1-1024x683.jpg 1024w, https:\/\/hypnosepraxis-greger.de\/wp-content\/uploads\/2026\/02\/matt-paul-catalano-0QEG_xOoY7Y-unsplash-1-768x512.jpg 768w, https:\/\/hypnosepraxis-greger.de\/wp-content\/uploads\/2026\/02\/matt-paul-catalano-0QEG_xOoY7Y-unsplash-1-1536x1024.jpg 1536w, https:\/\/hypnosepraxis-greger.de\/wp-content\/uploads\/2026\/02\/matt-paul-catalano-0QEG_xOoY7Y-unsplash-1-2048x1365.jpg 2048w\" sizes=\"auto, (max-width: 300px) 100vw, 300px\" \/><\/figure>\n<\/div>\n<\/div>\n<\/div><\/div>\n<\/div><\/div>\n\n\n\n<hr class=\"wp-block-separator has-alpha-channel-opacity is-style-wide animated fadeIn delay-200ms\"\/>\n\n\n\n<div class=\"wp-block-buttons is-horizontal is-content-justification-center is-layout-flex wp-container-core-buttons-is-layout-18e77fc0 wp-block-buttons-is-layout-flex\">\n<div class=\"wp-block-button animated fadeIn delay-200ms\"><a class=\"wp-block-button__link has-background wp-element-button\" href=\"https:\/\/www.etermin.net\/hypnosepraxis-greger\/serviceid\/419983?noinitscroll=1&amp;lang=tr\" style=\"background-color:#d3a84f\" target=\"_blank\" rel=\"noopener\">Randevu Al<\/a><\/div>\n<\/div>\n\n\n<p><button id=\"etwidgetBtn\" class=\"etwidgetBtn rightPosBtn\" type=\"button\"><\/button><\/p>\n<div id=\"etwidgetModal\" class=\"etwidget\">\n<div class=\"etcontent\"><span id=\"etWidgetClose\" class=\"etclose\">\u00d7<\/span><iframe loading=\"lazy\" id=\"etifr\" src=\"https:\/\/www.eTermin.net\/hypnosepraxis-greger?lang=tr\" scrolling=\"no\" width=\"100%\" height=\"1600px\" frameborder=\"0\"><\/iframe><script id=\"etwidget\" src=\"https:\/\/www.etermin.net\/js\/etwidget.min.js\" data-text=\"Randevu%20al\" data-color=\"#D3A84F\" data-colortext=\"#FFFFFF\" data-pos=\"right\" data-size=\"n\"><\/script><\/div>\n<\/div>\n","protected":false},"excerpt":{"rendered":"<p>Duygular\u0131 Anlamak ve Kontrol\u00fc Geri Kazanmak K\u0131skan\u00e7l\u0131k, \u00f6fke veya korku gibi kontrol edilemeyen duygular, ili\u015fkileri, g\u00fcnl\u00fck ya\u015fam\u0131 ve \u00f6z-de\u011feri zorlayabilir. Bu duygular genellikle, ki\u015finin kendini korumak i\u00e7in bilin\u00e7alt\u0131na bast\u0131\u011f\u0131 eski hislerden kaynaklan\u0131r. Hipnoz ile duygusal \u00f6zg\u00fcrl\u00fck Hipnoz, bilin\u00e7alt\u0131na eri\u015fim sa\u011flar, eski duygusal blokajlar\u0131 \u00e7\u00f6zer ve y\u0131k\u0131c\u0131 kal\u0131plar\u0131n kal\u0131c\u0131 olarak de\u011fi\u015fmesine yard\u0131mc\u0131 olur. Art\u0131k durumlara tepki &hellip; <\/p>\n<p class=\"link-more\"><a href=\"https:\/\/hypnosepraxis-greger.de\/tr\/terapi-konulari\/kontrol-edilemeyen-duygular\/\" class=\"more-link\">Okumaya devam et<span class=\"screen-reader-text\"> &#8220;Kontrol Edilemeyen Duygular&#8221;<\/span><\/a><\/p>\n","protected":false},"author":1,"featured_media":0,"parent":3913,"menu_order":8,"comment_status":"closed","ping_status":"closed","template":"","meta":{"footnotes":""},"class_list":["post-12576","page","type-page","status-publish","hentry"],"_links":{"self":[{"href":"https:\/\/hypnosepraxis-greger.de\/tr\/wp-json\/wp\/v2\/pages\/12576","targetHints":{"allow":["GET"]}}],"collection":[{"href":"https:\/\/hypnosepraxis-greger.de\/tr\/wp-json\/wp\/v2\/pages"}],"about":[{"href":"https:\/\/hypnosepraxis-greger.de\/tr\/wp-json\/wp\/v2\/types\/page"}],"author":[{"embeddable":true,"href":"https:\/\/hypnosepraxis-greger.de\/tr\/wp-json\/wp\/v2\/users\/1"}],"replies":[{"embeddable":true,"href":"https:\/\/hypnosepraxis-greger.de\/tr\/wp-json\/wp\/v2\/comments?post=12576"}],"version-history":[{"count":12,"href":"https:\/\/hypnosepraxis-greger.de\/tr\/wp-json\/wp\/v2\/pages\/12576\/revisions"}],"predecessor-version":[{"id":14199,"href":"https:\/\/hypnosepraxis-greger.de\/tr\/wp-json\/wp\/v2\/pages\/12576\/revisions\/14199"}],"up":[{"embeddable":true,"href":"https:\/\/hypnosepraxis-greger.de\/tr\/wp-json\/wp\/v2\/pages\/3913"}],"wp:attachment":[{"href":"https:\/\/hypnosepraxis-greger.de\/tr\/wp-json\/wp\/v2\/media?parent=12576"}],"curies":[{"name":"wp","href":"https:\/\/api.w.org\/{rel}","templated":true}]}}