{"id":12585,"date":"2021-09-04T20:57:38","date_gmt":"2021-09-04T18:57:38","guid":{"rendered":"https:\/\/hypnosepraxis-greger.de\/?page_id=12585"},"modified":"2026-03-06T16:44:32","modified_gmt":"2026-03-06T15:44:32","slug":"korkular-fobiler","status":"publish","type":"page","link":"https:\/\/hypnosepraxis-greger.de\/tr\/terapi-konulari\/korkular-fobiler\/","title":{"rendered":"Korkular &amp; Fobiler"},"content":{"rendered":"\n<h2 class=\"wp-block-heading animated fadeIn delay-200ms\">Korkular\u0131 Anlamak ve \u0130\u00e7 Huzuru Yeniden Kazanmak<\/h2>\n\n\n\n<p class=\"animated fadeIn delay-200ms\">Korkular, panik ataklar veya fobiler, g\u00fcnl\u00fck ya\u015fam\u0131, ili\u015fkileri ve \u00f6zg\u00fcveni zorlayabilir. Genellikle bilin\u00e7alt\u0131nda yerle\u015fmi\u015f eski kal\u0131plardan kaynaklan\u0131r ve sinir sistemini s\u00fcrekli tetikte tutar.<\/p>\n\n\n\n<h2 class=\"wp-block-heading animated fadeIn delay-200ms\">Hipnoz ile i\u00e7 g\u00fcvenli\u011fi kazanmak<\/h2>\n\n\n\n<p class=\"animated fadeIn delay-200ms\">Hipnoz, eski duygusal blokajlar\u0131 \u00e7\u00f6zer ve otomatik korku tepkilerini de\u011fi\u015ftirir. Trance s\u0131ras\u0131nda korkular daha hafif hissedilir, b\u00f6ylece kal\u0131c\u0131 olarak \u00e7\u00f6z\u00fclebilir. \u00d6zel fobiler, \u00f6rne\u011fin \u00f6r\u00fcmcek korkusu gibi, etkili bir \u015fekilde tedavi edilebilir.<\/p>\n\n\n\n<hr class=\"wp-block-separator has-alpha-channel-opacity is-style-wide animated fadeIn delay-200ms\"\/>\n\n\n\n<div class=\"wp-block-columns is-layout-flex wp-container-core-columns-is-layout-9d6595d7 wp-block-columns-is-layout-flex\">\n<div class=\"wp-block-column is-layout-flow wp-block-column-is-layout-flow\">\n<div class=\"wp-block-group borderedtext\"><div class=\"wp-block-group__inner-container is-layout-constrained wp-block-group-is-layout-constrained\">\n<h2 class=\"wp-block-heading animated fadeIn delay-200ms\">Faydalar\u0131n\u0131z<\/h2>\n\n\n\n<ul class=\"wp-block-list\">\n<li class=\"animated fadeIn delay-200ms\">Daha fazla i\u00e7 huzur ve sakinlik<\/li>\n\n\n\n<li class=\"animated fadeIn delay-200ms\">Korkular \u00fczerinde bilin\u00e7li kontrol<\/li>\n\n\n\n<li class=\"animated fadeIn delay-200ms\">\u00c7arp\u0131nt\u0131, gerginlik gibi fiziksel belirtilerin azalmas\u0131<\/li>\n\n\n\n<li class=\"animated fadeIn delay-200ms\">G\u00fcnl\u00fck ya\u015fam, i\u015f ve sosyal durumlarda g\u00fcven<\/li>\n\n\n\n<li class=\"animated fadeIn delay-200ms\">\u00d6zel fobilerin etkili \u015fekilde \u00e7\u00f6z\u00fclmesi<\/li>\n<\/ul>\n<\/div><\/div>\n<\/div>\n\n\n\n<div class=\"wp-block-column is-layout-flow wp-block-column-is-layout-flow\">\n<figure class=\"wp-block-image size-medium animated fadeIn delay-200ms\"><img loading=\"lazy\" decoding=\"async\" width=\"300\" height=\"200\" src=\"https:\/\/hypnosepraxis-greger.de\/wp-content\/uploads\/2026\/02\/silly-cute-girl-hiding-inside-sweater-peeing-surprised-300x200.jpg\" alt=\"\" class=\"wp-image-12589\" srcset=\"https:\/\/hypnosepraxis-greger.de\/wp-content\/uploads\/2026\/02\/silly-cute-girl-hiding-inside-sweater-peeing-surprised-300x200.jpg 300w, https:\/\/hypnosepraxis-greger.de\/wp-content\/uploads\/2026\/02\/silly-cute-girl-hiding-inside-sweater-peeing-surprised-1024x683.jpg 1024w, https:\/\/hypnosepraxis-greger.de\/wp-content\/uploads\/2026\/02\/silly-cute-girl-hiding-inside-sweater-peeing-surprised-768x512.jpg 768w, https:\/\/hypnosepraxis-greger.de\/wp-content\/uploads\/2026\/02\/silly-cute-girl-hiding-inside-sweater-peeing-surprised-1536x1024.jpg 1536w, https:\/\/hypnosepraxis-greger.de\/wp-content\/uploads\/2026\/02\/silly-cute-girl-hiding-inside-sweater-peeing-surprised-2048x1365.jpg 2048w\" sizes=\"auto, (max-width: 300px) 100vw, 300px\" \/><\/figure>\n<\/div>\n<\/div>\n\n\n\n<hr class=\"wp-block-separator has-alpha-channel-opacity is-style-wide animated fadeIn delay-200ms\"\/>\n\n\n\n<div class=\"wp-block-buttons animated fadeIn delay-200ms is-horizontal is-content-justification-center is-layout-flex wp-container-core-buttons-is-layout-18e77fc0 wp-block-buttons-is-layout-flex\">\n<div class=\"wp-block-button\"><a class=\"wp-block-button__link has-background wp-element-button\" href=\"https:\/\/www.etermin.net\/hypnosepraxis-greger\/serviceid\/419983?noinitscroll=1&amp;lang=tr\" style=\"background-color:#d3a84f\" target=\"_blank\" rel=\"noopener\">Randevu Al<\/a><\/div>\n<\/div>\n\n\n<p><button id=\"etwidgetBtn\" class=\"etwidgetBtn rightPosBtn\" type=\"button\"><\/button><\/p>\n<div id=\"etwidgetModal\" class=\"etwidget\">\n<div class=\"etcontent\"><span id=\"etWidgetClose\" class=\"etclose\">\u00d7<\/span><iframe loading=\"lazy\" id=\"etifr\" src=\"https:\/\/www.eTermin.net\/hypnosepraxis-greger?lang=tr\" scrolling=\"no\" width=\"100%\" height=\"1600px\" frameborder=\"0\"><\/iframe><script id=\"etwidget\" src=\"https:\/\/www.etermin.net\/js\/etwidget.min.js\" data-text=\"Randevu%20al\" data-color=\"#D3A84F\" data-colortext=\"#FFFFFF\" data-pos=\"right\" data-size=\"n\"><\/script><\/div>\n<\/div>\n","protected":false},"excerpt":{"rendered":"<p>Korkular\u0131 Anlamak ve \u0130\u00e7 Huzuru Yeniden Kazanmak Korkular, panik ataklar veya fobiler, g\u00fcnl\u00fck ya\u015fam\u0131, ili\u015fkileri ve \u00f6zg\u00fcveni zorlayabilir. Genellikle bilin\u00e7alt\u0131nda yerle\u015fmi\u015f eski kal\u0131plardan kaynaklan\u0131r ve sinir sistemini s\u00fcrekli tetikte tutar. Hipnoz ile i\u00e7 g\u00fcvenli\u011fi kazanmak Hipnoz, eski duygusal blokajlar\u0131 \u00e7\u00f6zer ve otomatik korku tepkilerini de\u011fi\u015ftirir. Trance s\u0131ras\u0131nda korkular daha hafif hissedilir, b\u00f6ylece kal\u0131c\u0131 olarak \u00e7\u00f6z\u00fclebilir. &hellip; <\/p>\n<p class=\"link-more\"><a href=\"https:\/\/hypnosepraxis-greger.de\/tr\/terapi-konulari\/korkular-fobiler\/\" class=\"more-link\">Okumaya devam et<span class=\"screen-reader-text\"> &#8220;Korkular &amp; Fobiler&#8221;<\/span><\/a><\/p>\n","protected":false},"author":1,"featured_media":0,"parent":3913,"menu_order":1,"comment_status":"closed","ping_status":"closed","template":"","meta":{"footnotes":""},"class_list":["post-12585","page","type-page","status-publish","hentry"],"_links":{"self":[{"href":"https:\/\/hypnosepraxis-greger.de\/tr\/wp-json\/wp\/v2\/pages\/12585","targetHints":{"allow":["GET"]}}],"collection":[{"href":"https:\/\/hypnosepraxis-greger.de\/tr\/wp-json\/wp\/v2\/pages"}],"about":[{"href":"https:\/\/hypnosepraxis-greger.de\/tr\/wp-json\/wp\/v2\/types\/page"}],"author":[{"embeddable":true,"href":"https:\/\/hypnosepraxis-greger.de\/tr\/wp-json\/wp\/v2\/users\/1"}],"replies":[{"embeddable":true,"href":"https:\/\/hypnosepraxis-greger.de\/tr\/wp-json\/wp\/v2\/comments?post=12585"}],"version-history":[{"count":5,"href":"https:\/\/hypnosepraxis-greger.de\/tr\/wp-json\/wp\/v2\/pages\/12585\/revisions"}],"predecessor-version":[{"id":14157,"href":"https:\/\/hypnosepraxis-greger.de\/tr\/wp-json\/wp\/v2\/pages\/12585\/revisions\/14157"}],"up":[{"embeddable":true,"href":"https:\/\/hypnosepraxis-greger.de\/tr\/wp-json\/wp\/v2\/pages\/3913"}],"wp:attachment":[{"href":"https:\/\/hypnosepraxis-greger.de\/tr\/wp-json\/wp\/v2\/media?parent=12585"}],"curies":[{"name":"wp","href":"https:\/\/api.w.org\/{rel}","templated":true}]}}