{"id":12645,"date":"2026-02-19T19:37:53","date_gmt":"2026-02-19T18:37:53","guid":{"rendered":"https:\/\/hypnosepraxis-greger.de\/?page_id=12645"},"modified":"2026-03-06T16:51:29","modified_gmt":"2026-03-06T15:51:29","slug":"stres-asiri-yuklenme","status":"publish","type":"page","link":"https:\/\/hypnosepraxis-greger.de\/tr\/terapi-konulari\/stres-asiri-yuklenme\/","title":{"rendered":"Stres &amp; A\u015f\u0131r\u0131 Y\u00fcklenme"},"content":{"rendered":"\n<h2 class=\"wp-block-heading animated fadeIn delay-200ms\">Stresi Tan\u0131y\u0131n ve Dengeyi Yeniden Kazan\u0131n<\/h2>\n\n\n\n<p class=\"animated fadeIn delay-200ms\">Kronik stres ve a\u015f\u0131r\u0131 y\u00fcklenme, beden, zihin ve ruhu zorlar. S\u00fcrekli gerginlik, yorgunluk, uyku problemleri ve <a href=\"https:\/\/hypnosepraxis-greger.de\/tr\/terapi-konulari\/fiziksel-sikayetler-agrilar\/\">fiziksel rahats\u0131zl\u0131klara<\/a> yol a\u00e7abilir.<\/p>\n\n\n\n<h2 class=\"wp-block-heading animated fadeIn delay-200ms\">Hipnoz ile huzuru bulun<\/h2>\n\n\n\n<p class=\"animated fadeIn delay-200ms\">Hipnoz, i\u00e7sel gerginli\u011fi azalt\u0131r ve sinir sistemini sakinle\u015ftirir. Eski stres kal\u0131plar\u0131 \u00e7\u00f6z\u00fcl\u00fcr, b\u00f6ylece net d\u00fc\u015f\u00fcnebilir, odakl\u0131 hareket edebilir ve sakin tepkiler verebilirsiniz.<\/p>\n\n\n\n<hr class=\"wp-block-separator has-alpha-channel-opacity is-style-wide animated fadeIn delay-200ms\"\/>\n\n\n\n<div class=\"wp-block-group\"><div class=\"wp-block-group__inner-container is-layout-constrained wp-block-group-is-layout-constrained\">\n<div class=\"wp-block-columns is-layout-flex wp-container-core-columns-is-layout-9d6595d7 wp-block-columns-is-layout-flex\">\n<div class=\"wp-block-column is-layout-flow wp-block-column-is-layout-flow\">\n<div class=\"wp-block-group borderedtext\"><div class=\"wp-block-group__inner-container is-layout-constrained wp-block-group-is-layout-constrained\">\n<h2 class=\"wp-block-heading animated fadeIn delay-200ms\">Faydalar\u0131n\u0131z<\/h2>\n\n\n\n<ul class=\"wp-block-list\">\n<li class=\"animated fadeIn delay-200ms\">Daha fazla i\u00e7 huzur ve denge<\/li>\n\n\n\n<li class=\"animated fadeIn delay-200ms\">Fiziksel stres belirtilerinin azalmas\u0131<\/li>\n\n\n\n<li class=\"animated fadeIn delay-200ms\">Daha iyi odaklanma ve performans<\/li>\n\n\n\n<li class=\"animated fadeIn delay-200ms\">Kararlarda netlik<\/li>\n\n\n\n<li class=\"animated fadeIn delay-200ms\">Zorlu durumlarda bile rahatlama<\/li>\n<\/ul>\n<\/div><\/div>\n<\/div>\n\n\n\n<div class=\"wp-block-column animated fadeIn delay-200ms is-layout-flow wp-block-column-is-layout-flow\">\n<figure class=\"wp-block-image size-medium\"><img loading=\"lazy\" decoding=\"async\" width=\"300\" height=\"200\" src=\"https:\/\/hypnosepraxis-greger.de\/wp-content\/uploads\/2026\/02\/anthony-tran-8i2fHtStfxk-unsplash-1-300x200.jpg\" alt=\"\" class=\"wp-image-13030\" srcset=\"https:\/\/hypnosepraxis-greger.de\/wp-content\/uploads\/2026\/02\/anthony-tran-8i2fHtStfxk-unsplash-1-300x200.jpg 300w, https:\/\/hypnosepraxis-greger.de\/wp-content\/uploads\/2026\/02\/anthony-tran-8i2fHtStfxk-unsplash-1-1024x683.jpg 1024w, https:\/\/hypnosepraxis-greger.de\/wp-content\/uploads\/2026\/02\/anthony-tran-8i2fHtStfxk-unsplash-1-768x512.jpg 768w, https:\/\/hypnosepraxis-greger.de\/wp-content\/uploads\/2026\/02\/anthony-tran-8i2fHtStfxk-unsplash-1-1536x1024.jpg 1536w, https:\/\/hypnosepraxis-greger.de\/wp-content\/uploads\/2026\/02\/anthony-tran-8i2fHtStfxk-unsplash-1-2048x1365.jpg 2048w\" sizes=\"auto, (max-width: 300px) 100vw, 300px\" \/><\/figure>\n<\/div>\n<\/div>\n<\/div><\/div>\n\n\n\n<hr class=\"wp-block-separator has-alpha-channel-opacity is-style-wide animated fadeIn delay-200ms\"\/>\n\n\n\n<div class=\"wp-block-buttons is-horizontal is-content-justification-center is-layout-flex wp-container-core-buttons-is-layout-18e77fc0 wp-block-buttons-is-layout-flex\">\n<div class=\"wp-block-button animated fadeIn delay-200ms\"><a class=\"wp-block-button__link has-background wp-element-button\" href=\"https:\/\/www.etermin.net\/hypnosepraxis-greger\/serviceid\/419983?noinitscroll=1&amp;lang=tr\" style=\"background-color:#d3a84f\" target=\"_blank\" rel=\"noopener\">Randevu Al<\/a><\/div>\n<\/div>\n\n\n<p><button id=\"etwidgetBtn\" class=\"etwidgetBtn rightPosBtn\" type=\"button\"><\/button><\/p>\n<div id=\"etwidgetModal\" class=\"etwidget\">\n<div class=\"etcontent\"><span id=\"etWidgetClose\" class=\"etclose\">\u00d7<\/span><iframe loading=\"lazy\" id=\"etifr\" src=\"https:\/\/www.eTermin.net\/hypnosepraxis-greger?lang=tr\" scrolling=\"no\" width=\"100%\" height=\"1600px\" frameborder=\"0\"><\/iframe><script id=\"etwidget\" src=\"https:\/\/www.etermin.net\/js\/etwidget.min.js\" data-text=\"Randevu%20al\" data-color=\"#D3A84F\" data-colortext=\"#FFFFFF\" data-pos=\"right\" data-size=\"n\"><\/script><\/div>\n<\/div>\n","protected":false},"excerpt":{"rendered":"<p>Stresi Tan\u0131y\u0131n ve Dengeyi Yeniden Kazan\u0131n Kronik stres ve a\u015f\u0131r\u0131 y\u00fcklenme, beden, zihin ve ruhu zorlar. S\u00fcrekli gerginlik, yorgunluk, uyku problemleri ve fiziksel rahats\u0131zl\u0131klara yol a\u00e7abilir. Hipnoz ile huzuru bulun Hipnoz, i\u00e7sel gerginli\u011fi azalt\u0131r ve sinir sistemini sakinle\u015ftirir. Eski stres kal\u0131plar\u0131 \u00e7\u00f6z\u00fcl\u00fcr, b\u00f6ylece net d\u00fc\u015f\u00fcnebilir, odakl\u0131 hareket edebilir ve sakin tepkiler verebilirsiniz. Faydalar\u0131n\u0131z<\/p>\n","protected":false},"author":1,"featured_media":0,"parent":3913,"menu_order":0,"comment_status":"closed","ping_status":"closed","template":"","meta":{"footnotes":""},"class_list":["post-12645","page","type-page","status-publish","hentry"],"_links":{"self":[{"href":"https:\/\/hypnosepraxis-greger.de\/tr\/wp-json\/wp\/v2\/pages\/12645","targetHints":{"allow":["GET"]}}],"collection":[{"href":"https:\/\/hypnosepraxis-greger.de\/tr\/wp-json\/wp\/v2\/pages"}],"about":[{"href":"https:\/\/hypnosepraxis-greger.de\/tr\/wp-json\/wp\/v2\/types\/page"}],"author":[{"embeddable":true,"href":"https:\/\/hypnosepraxis-greger.de\/tr\/wp-json\/wp\/v2\/users\/1"}],"replies":[{"embeddable":true,"href":"https:\/\/hypnosepraxis-greger.de\/tr\/wp-json\/wp\/v2\/comments?post=12645"}],"version-history":[{"count":13,"href":"https:\/\/hypnosepraxis-greger.de\/tr\/wp-json\/wp\/v2\/pages\/12645\/revisions"}],"predecessor-version":[{"id":14163,"href":"https:\/\/hypnosepraxis-greger.de\/tr\/wp-json\/wp\/v2\/pages\/12645\/revisions\/14163"}],"up":[{"embeddable":true,"href":"https:\/\/hypnosepraxis-greger.de\/tr\/wp-json\/wp\/v2\/pages\/3913"}],"wp:attachment":[{"href":"https:\/\/hypnosepraxis-greger.de\/tr\/wp-json\/wp\/v2\/media?parent=12645"}],"curies":[{"name":"wp","href":"https:\/\/api.w.org\/{rel}","templated":true}]}}