{"id":12704,"date":"2023-11-10T17:44:41","date_gmt":"2023-11-10T16:44:41","guid":{"rendered":"https:\/\/hypnosepraxis-greger.de\/?page_id=12704"},"modified":"2026-03-06T19:22:30","modified_gmt":"2026-03-06T18:22:30","slug":"gencler","status":"publish","type":"page","link":"https:\/\/hypnosepraxis-greger.de\/tr\/terapi-konulari\/gencler\/","title":{"rendered":"Gen\u00e7ler"},"content":{"rendered":"\n<h2 class=\"wp-block-heading animated fadeIn delay-200ms\">15 ya\u015f ve \u00fczeri gen\u00e7ler<\/h2>\n\n\n\n<p class=\"animated fadeIn delay-200ms\">De\u011fi\u015fim, g\u00fcvenle ba\u015flar \u2013 gen\u00e7 ya\u015flarda da.<\/p>\n\n\n\n<p class=\"animated fadeIn delay-200ms\">Bu \u00f6zel ya\u015fam d\u00f6neminde hipnoz; i\u00e7sel denge, \u00f6zg\u00fcven ve duygusal g\u00fc\u00e7 aray\u0131\u015f\u0131nda olan gen\u00e7ler i\u00e7in de\u011ferli bir destek olabilir.<br>Hipnoz, geli\u015fim d\u00fczeyi yeti\u015fkin seviyesine ula\u015fm\u0131\u015f gen\u00e7lere uygulan\u0131r. Burada belirleyici olan yaln\u0131zca ya\u015f de\u011fil, kendini yans\u0131tabilme becerisi ve s\u00fcrece a\u00e7\u0131k olabilecek i\u00e7sel olgunluktur.<\/p>\n\n\n\n<p class=\"animated fadeIn delay-200ms\">Hipnoz sayesinde, i\u00e7sel blokajlar\u0131n nazik\u00e7e \u00e7\u00f6z\u00fclmesi, \u00f6zg\u00fcvenin g\u00fc\u00e7lenmesi ve duygusal y\u00fcklerle daha kolay ba\u015fa \u00e7\u0131k\u0131lmas\u0131 m\u00fcmk\u00fcn olabilir.<\/p>\n\n\n\n<p class=\"animated fadeIn delay-200ms\">Okul stresi, s\u0131nav kayg\u0131s\u0131, zorbal\u0131k, \u00f6zg\u00fcven eksikli\u011fi veya aile i\u00e7i gerginlikler gibi konular; yeti\u015fkinli\u011fe giden yolda kar\u015f\u0131la\u015f\u0131lan ki\u015fisel zorluklarla birlikte, hassas ve destekleyici bir \u015fekilde ele al\u0131nabilir.<br>Her seans, gencin ki\u015fili\u011fine ve ya\u015fam durumuna \u00f6zel olarak planlan\u0131r \u2013 dikkatli, sayg\u0131l\u0131 ve e\u015fit bir yakla\u015f\u0131mla.<\/p>\n\n\n\n<p class=\"animated fadeIn delay-200ms\"><strong>L\u00fctfen a\u015fa\u011f\u0131daki hususlar\u0131 dikkate al\u0131n\u0131z:<\/strong><\/p>\n\n\n\n<ul class=\"wp-block-list\">\n<li class=\"animated fadeIn delay-200ms\">Yakla\u015f\u0131k 15 ya\u015f ve \u00fczerindeki gen\u00e7lerle \u00e7al\u0131\u015f\u0131yoruz. Daha k\u00fc\u00e7\u00fck \u00e7ocuklara y\u00f6nelik bir uygulamam\u0131z bulunmamaktad\u0131r.<\/li>\n\n\n\n<li class=\"animated fadeIn\">\u0130lk seansta terap\u00f6tik bir ili\u015fki kurulamazsa, herhangi bir \u00fccret talep edilmez.<\/li>\n\n\n\n<li class=\"animated fadeIn delay-200ms\">Seanslar temel olarak ebeveynler olmadan ger\u00e7ekle\u015ftirilir. \u00d6n g\u00f6r\u00fc\u015fme de g\u00fcvenli ve koruyucu bir alan sa\u011flamak amac\u0131yla yaln\u0131zca gen\u00e7 ile yap\u0131l\u0131r.<\/li>\n\n\n\n<li class=\"animated fadeIn delay-200ms\">Ebeveynler, organizasyonel konular i\u00e7in veya ihtiya\u00e7 halinde geri bildirim almak \u00fczere bizimle telefonla ileti\u015fimde kalabilirler.<\/li>\n\n\n\n<li class=\"animated fadeIn delay-200ms\">Terapinin t\u00fcm i\u00e7eri\u011fi gizlilik kapsam\u0131ndad\u0131r. Bilgiler yaln\u0131zca acil ve istisnai durumlarda ve her zaman gencin onay\u0131yla payla\u015f\u0131l\u0131r.<\/li>\n<\/ul>\n\n\n\n<p class=\"animated fadeIn delay-200ms\">E\u011fer bu yakla\u015f\u0131m size uygun geliyorsa, randevu almak i\u00e7in bizimle ileti\u015fime ge\u00e7ebilirsiniz.<\/p>\n\n\n\n<div class=\"wp-block-buttons is-horizontal is-content-justification-center is-layout-flex wp-container-core-buttons-is-layout-18e77fc0 wp-block-buttons-is-layout-flex\">\n<div class=\"wp-block-button animated fadeIn delay-200ms\"><a class=\"wp-block-button__link has-background wp-element-button\" href=\"https:\/\/www.etermin.net\/hypnosepraxis-greger\/serviceid\/419983?noinitscroll=1&amp;lang=tr\" style=\"background-color:#d3a84f\" target=\"_blank\" rel=\"noopener\">Randevu Al<\/a><\/div>\n<\/div>\n\n\n<p><button id=\"etwidgetBtn\" class=\"etwidgetBtn rightPosBtn\" type=\"button\"><\/button><\/p>\n<div id=\"etwidgetModal\" class=\"etwidget\">\n<div class=\"etcontent\"><span id=\"etWidgetClose\" class=\"etclose\">\u00d7<\/span><iframe loading=\"lazy\" id=\"etifr\" src=\"https:\/\/www.eTermin.net\/hypnosepraxis-greger?lang=tr\" scrolling=\"no\" width=\"100%\" height=\"1600px\" frameborder=\"0\"><\/iframe><script id=\"etwidget\" src=\"https:\/\/www.etermin.net\/js\/etwidget.min.js\" data-text=\"Randevu%20al\" data-color=\"#D3A84F\" data-colortext=\"#FFFFFF\" data-pos=\"right\" data-size=\"n\"><\/script><\/div>\n<\/div>\n","protected":false},"excerpt":{"rendered":"<p>15 ya\u015f ve \u00fczeri gen\u00e7ler De\u011fi\u015fim, g\u00fcvenle ba\u015flar \u2013 gen\u00e7 ya\u015flarda da. Bu \u00f6zel ya\u015fam d\u00f6neminde hipnoz; i\u00e7sel denge, \u00f6zg\u00fcven ve duygusal g\u00fc\u00e7 aray\u0131\u015f\u0131nda olan gen\u00e7ler i\u00e7in de\u011ferli bir destek olabilir.Hipnoz, geli\u015fim d\u00fczeyi yeti\u015fkin seviyesine ula\u015fm\u0131\u015f gen\u00e7lere uygulan\u0131r. Burada belirleyici olan yaln\u0131zca ya\u015f de\u011fil, kendini yans\u0131tabilme becerisi ve s\u00fcrece a\u00e7\u0131k olabilecek i\u00e7sel olgunluktur. Hipnoz sayesinde, &hellip; <\/p>\n<p class=\"link-more\"><a href=\"https:\/\/hypnosepraxis-greger.de\/tr\/terapi-konulari\/gencler\/\" class=\"more-link\">Okumaya devam et<span class=\"screen-reader-text\"> &#8220;Gen\u00e7ler&#8221;<\/span><\/a><\/p>\n","protected":false},"author":1,"featured_media":9742,"parent":3913,"menu_order":0,"comment_status":"closed","ping_status":"closed","template":"","meta":{"footnotes":""},"class_list":["post-12704","page","type-page","status-publish","has-post-thumbnail","hentry"],"_links":{"self":[{"href":"https:\/\/hypnosepraxis-greger.de\/tr\/wp-json\/wp\/v2\/pages\/12704","targetHints":{"allow":["GET"]}}],"collection":[{"href":"https:\/\/hypnosepraxis-greger.de\/tr\/wp-json\/wp\/v2\/pages"}],"about":[{"href":"https:\/\/hypnosepraxis-greger.de\/tr\/wp-json\/wp\/v2\/types\/page"}],"author":[{"embeddable":true,"href":"https:\/\/hypnosepraxis-greger.de\/tr\/wp-json\/wp\/v2\/users\/1"}],"replies":[{"embeddable":true,"href":"https:\/\/hypnosepraxis-greger.de\/tr\/wp-json\/wp\/v2\/comments?post=12704"}],"version-history":[{"count":6,"href":"https:\/\/hypnosepraxis-greger.de\/tr\/wp-json\/wp\/v2\/pages\/12704\/revisions"}],"predecessor-version":[{"id":14225,"href":"https:\/\/hypnosepraxis-greger.de\/tr\/wp-json\/wp\/v2\/pages\/12704\/revisions\/14225"}],"up":[{"embeddable":true,"href":"https:\/\/hypnosepraxis-greger.de\/tr\/wp-json\/wp\/v2\/pages\/3913"}],"wp:featuredmedia":[{"embeddable":true,"href":"https:\/\/hypnosepraxis-greger.de\/tr\/wp-json\/wp\/v2\/media\/9742"}],"wp:attachment":[{"href":"https:\/\/hypnosepraxis-greger.de\/tr\/wp-json\/wp\/v2\/media?parent=12704"}],"curies":[{"name":"wp","href":"https:\/\/api.w.org\/{rel}","templated":true}]}}