{"id":13712,"date":"2026-02-28T12:53:27","date_gmt":"2026-02-28T11:53:27","guid":{"rendered":"https:\/\/hypnosepraxis-greger.de\/?page_id=13712"},"modified":"2026-03-06T17:43:42","modified_gmt":"2026-03-06T16:43:42","slug":"fiziksel-sikayetler-agrilar","status":"publish","type":"page","link":"https:\/\/hypnosepraxis-greger.de\/tr\/terapi-konulari\/fiziksel-sikayetler-agrilar\/","title":{"rendered":"Fiziksel \u015eikayetler ve A\u011fr\u0131lar"},"content":{"rendered":"\n<p class=\"animated fadeIn delay-200ms\">Fiziksel \u015fikayetler ve a\u011fr\u0131lar \u00e7o\u011fu zaman sadece bir belirti de\u011fildir \u2013 bedenin i\u00e7inde biriken stresin ve i\u015flenmemi\u015f deneyimlerin izleri olabilir.<\/p>\n\n\n\n<p class=\"animated fadeIn delay-200ms\">Stres, duygular ya da eski kal\u0131plar sinir sisteminde aktif kald\u0131\u011f\u0131nda, beden bunu gerginlik, tekrarlayan a\u011fr\u0131lar ya da rahats\u0131zl\u0131k hissiyle g\u00f6sterebilir. A\u011fr\u0131 bir zay\u0131fl\u0131k de\u011fildir \u2013 bedenin verdi\u011fi bir mesajd\u0131r.<\/p>\n\n\n\n<hr class=\"wp-block-separator has-alpha-channel-opacity is-style-wide animated fadeIn delay-200ms\"\/>\n\n\n\n<div class=\"wp-block-group is-nowrap is-layout-flex wp-container-core-group-is-layout-ad2f72ca wp-block-group-is-layout-flex\">\n<div class=\"wp-block-columns is-layout-flex wp-container-core-columns-is-layout-9d6595d7 wp-block-columns-is-layout-flex\">\n<div class=\"wp-block-column is-layout-flow wp-block-column-is-layout-flow\">\n<div class=\"wp-block-group has-background\" style=\"background-color:#eaeaea\"><div class=\"wp-block-group__inner-container is-layout-constrained wp-block-group-is-layout-constrained\">\n<h2 class=\"wp-block-heading animated fadeIn delay-200ms\">Hipnoz Nas\u0131l Yard\u0131mc\u0131 Olabilir<\/h2>\n\n\n\n<p class=\"animated fadeIn delay-200ms\">Fiziksel gerginlik kal\u0131plar\u0131n\u0131n ve stres tepkilerinin depoland\u0131\u011f\u0131 bilin\u00e7alt\u0131 ile do\u011frudan \u00e7al\u0131\u015f\u0131r\u0131z. Bu sayede hipnoz:<\/p>\n\n\n\n<ul class=\"wp-block-list\">\n<li class=\"animated fadeIn delay-200ms\">a\u011fr\u0131y\u0131 ve bedensel gerginli\u011fi azaltabilir<\/li>\n\n\n\n<li class=\"animated fadeIn delay-200ms\">sinir sistemindeki stres d\u00fczenlemesini iyile\u015ftirebilir<\/li>\n\n\n\n<li class=\"animated fadeIn delay-200ms\">i\u00e7sel huzuru ve bedensel gev\u015femeyi destekleyebilir<\/li>\n\n\n\n<li class=\"animated fadeIn delay-200ms\">bilin\u00e7d\u0131\u015f\u0131 tetikleyicileri fark edip d\u00f6n\u00fc\u015ft\u00fcrebilir<\/li>\n<\/ul>\n<\/div><\/div>\n<\/div>\n\n\n\n<div class=\"wp-block-column is-layout-flow wp-block-column-is-layout-flow\"><style>.kb-image13712_6b0ad3-09 .kb-image-has-overlay:after{opacity:0.3;}<\/style>\n<figure class=\"wp-block-kadence-image kb-image13712_6b0ad3-09 size-full animated fadeIn delay-200ms\"><img loading=\"lazy\" decoding=\"async\" width=\"2560\" height=\"1955\" src=\"https:\/\/hypnosepraxis-greger.de\/wp-content\/uploads\/2026\/02\/abishek-JblqZzRbYIU-unsplash-scaled.jpg\" alt=\"\" class=\"kb-img wp-image-13691\" srcset=\"https:\/\/hypnosepraxis-greger.de\/wp-content\/uploads\/2026\/02\/abishek-JblqZzRbYIU-unsplash-scaled.jpg 2560w, https:\/\/hypnosepraxis-greger.de\/wp-content\/uploads\/2026\/02\/abishek-JblqZzRbYIU-unsplash-300x229.jpg 300w, https:\/\/hypnosepraxis-greger.de\/wp-content\/uploads\/2026\/02\/abishek-JblqZzRbYIU-unsplash-1024x782.jpg 1024w, https:\/\/hypnosepraxis-greger.de\/wp-content\/uploads\/2026\/02\/abishek-JblqZzRbYIU-unsplash-768x586.jpg 768w, https:\/\/hypnosepraxis-greger.de\/wp-content\/uploads\/2026\/02\/abishek-JblqZzRbYIU-unsplash-1536x1173.jpg 1536w, https:\/\/hypnosepraxis-greger.de\/wp-content\/uploads\/2026\/02\/abishek-JblqZzRbYIU-unsplash-2048x1564.jpg 2048w\" sizes=\"auto, (max-width: 706px) 89vw, (max-width: 767px) 82vw, 740px\" \/><\/figure>\n<\/div>\n<\/div>\n<\/div>\n\n\n\n<hr class=\"wp-block-separator has-alpha-channel-opacity is-style-wide animated fadeIn delay-200ms\"\/>\n\n\n\n<p class=\"animated fadeIn delay-200ms\">Hipnoz, beden ve zihin aras\u0131ndaki ba\u011flant\u0131y\u0131 g\u00fc\u00e7lendirir ve do\u011fal iyile\u015fme potansiyelini aktive eder.<\/p>\n\n\n\n<h2 class=\"wp-block-heading animated fadeIn delay-200ms\">B\u00fct\u00fcnc\u00fcl ve Ki\u015fiye \u00d6zel<\/h2>\n\n\n\n<p class=\"animated fadeIn delay-200ms\">A\u011fr\u0131y\u0131 sadece \u201ctedavi etmek\u201d yerine birlikte \u015funa bakar\u0131z:<\/p>\n\n\n\n<ul class=\"wp-block-list\">\n<li class=\"animated fadeIn delay-200ms\">\u015eikayetlerinizin arkas\u0131nda ne var?<\/li>\n\n\n\n<li class=\"animated fadeIn delay-200ms\">Hangi zorlay\u0131c\u0131 kal\u0131plar h\u00e2l\u00e2 etkili?<\/li>\n\n\n\n<li class=\"animated fadeIn delay-200ms\">Sisteminiz nas\u0131l kal\u0131c\u0131 \u015fekilde rahatlat\u0131labilir?<\/li>\n<\/ul>\n\n\n\n<p class=\"animated fadeIn delay-200ms\">B\u00f6ylece bedeniniz yeniden hafifler, g\u00f6zle g\u00f6r\u00fcl\u00fcr \u015fekilde gev\u015fer ve dengeye kavu\u015fur.<\/p>\n\n\n\n<div class=\"wp-block-group\"><div class=\"wp-block-group__inner-container is-layout-constrained wp-block-group-is-layout-constrained\">\n<div class=\"wp-block-buttons is-content-justification-center is-layout-flex wp-container-core-buttons-is-layout-16018d1d wp-block-buttons-is-layout-flex\">\n<div class=\"wp-block-button animated fadeIn delay-200ms\"><a class=\"wp-block-button__link has-background wp-element-button\" href=\"https:\/\/www.etermin.net\/hypnosepraxis-greger\/serviceid\/419983?noinitscroll=1&amp;lang=tr\" style=\"background-color:#d3a84f\" target=\"_blank\" rel=\"noopener\">Randevu Al<\/a><\/div>\n<\/div>\n\n\n<p><button id=\"etwidgetBtn\" class=\"etwidgetBtn rightPosBtn\" type=\"button\"><\/button><\/p>\n<div id=\"etwidgetModal\" class=\"etwidget\">\n<div class=\"etcontent\"><span id=\"etWidgetClose\" class=\"etclose\">\u00d7<\/span><iframe loading=\"lazy\" id=\"etifr\" src=\"https:\/\/www.eTermin.net\/hypnosepraxis-greger?lang=tr\" scrolling=\"no\" width=\"100%\" height=\"1600px\" frameborder=\"0\"><\/iframe><script id=\"etwidget\" src=\"https:\/\/www.etermin.net\/js\/etwidget.min.js\" data-text=\"Randevu%20al\" data-color=\"#D3A84F\" data-colortext=\"#FFFFFF\" data-pos=\"right\" data-size=\"n\"><\/script><\/div>\n<\/div>\n<\/div><\/div>\n\n\n\n<p><\/p>\n","protected":false},"excerpt":{"rendered":"<p>Fiziksel \u015fikayetler ve a\u011fr\u0131lar \u00e7o\u011fu zaman sadece bir belirti de\u011fildir \u2013 bedenin i\u00e7inde biriken stresin ve i\u015flenmemi\u015f deneyimlerin izleri olabilir. Stres, duygular ya da eski kal\u0131plar sinir sisteminde aktif kald\u0131\u011f\u0131nda, beden bunu gerginlik, tekrarlayan a\u011fr\u0131lar ya da rahats\u0131zl\u0131k hissiyle g\u00f6sterebilir. A\u011fr\u0131 bir zay\u0131fl\u0131k de\u011fildir \u2013 bedenin verdi\u011fi bir mesajd\u0131r. Hipnoz Nas\u0131l Yard\u0131mc\u0131 Olabilir Fiziksel gerginlik &hellip; <\/p>\n<p class=\"link-more\"><a href=\"https:\/\/hypnosepraxis-greger.de\/tr\/terapi-konulari\/fiziksel-sikayetler-agrilar\/\" class=\"more-link\">Okumaya devam et<span class=\"screen-reader-text\"> &#8220;Fiziksel \u015eikayetler ve A\u011fr\u0131lar&#8221;<\/span><\/a><\/p>\n","protected":false},"author":1,"featured_media":0,"parent":3913,"menu_order":7,"comment_status":"closed","ping_status":"closed","template":"","meta":{"footnotes":""},"class_list":["post-13712","page","type-page","status-publish","hentry"],"_links":{"self":[{"href":"https:\/\/hypnosepraxis-greger.de\/tr\/wp-json\/wp\/v2\/pages\/13712","targetHints":{"allow":["GET"]}}],"collection":[{"href":"https:\/\/hypnosepraxis-greger.de\/tr\/wp-json\/wp\/v2\/pages"}],"about":[{"href":"https:\/\/hypnosepraxis-greger.de\/tr\/wp-json\/wp\/v2\/types\/page"}],"author":[{"embeddable":true,"href":"https:\/\/hypnosepraxis-greger.de\/tr\/wp-json\/wp\/v2\/users\/1"}],"replies":[{"embeddable":true,"href":"https:\/\/hypnosepraxis-greger.de\/tr\/wp-json\/wp\/v2\/comments?post=13712"}],"version-history":[{"count":4,"href":"https:\/\/hypnosepraxis-greger.de\/tr\/wp-json\/wp\/v2\/pages\/13712\/revisions"}],"predecessor-version":[{"id":14195,"href":"https:\/\/hypnosepraxis-greger.de\/tr\/wp-json\/wp\/v2\/pages\/13712\/revisions\/14195"}],"up":[{"embeddable":true,"href":"https:\/\/hypnosepraxis-greger.de\/tr\/wp-json\/wp\/v2\/pages\/3913"}],"wp:attachment":[{"href":"https:\/\/hypnosepraxis-greger.de\/tr\/wp-json\/wp\/v2\/media?parent=13712"}],"curies":[{"name":"wp","href":"https:\/\/api.w.org\/{rel}","templated":true}]}}