{"id":3913,"date":"2021-07-26T17:46:20","date_gmt":"2021-07-26T15:46:20","guid":{"rendered":"https:\/\/hypnosepraxis-greger.de\/?page_id=3913"},"modified":"2026-03-05T20:45:56","modified_gmt":"2026-03-05T19:45:56","slug":"terapi-konulari","status":"publish","type":"page","link":"https:\/\/hypnosepraxis-greger.de\/tr\/terapi-konulari\/","title":{"rendered":"Terapi konular\u0131"},"content":{"rendered":"\n<p class=\"animated fadeIn o-anim-offset-o-anim-offset-0px delay-200ms\"><a href=\"https:\/\/hypnosepraxis-greger.de\/tr\/terapi-konulari\/fiziksel-sikayetler-agrilar\/\" data-type=\"page\" data-id=\"12645\">A\u011fr\u0131lar<\/a> (migren, ba\u015f a\u011fr\u0131s\u0131, boyun a\u011fr\u0131s\u0131, s\u0131rt a\u011fr\u0131s\u0131 vb.)<br>Alerji<br><a href=\"https:\/\/hypnosepraxis-greger.de\/tr\/hastaliklar\/stres-asiri-yuklenme\/\" data-type=\"page\" data-id=\"12645\">A\u015f\u0131r\u0131 y\u00fcklenme<\/a><br><a href=\"https:\/\/hypnosepraxis-greger.de\/tr\/hastaliklar\/korkular-fobiler\/\" data-type=\"page\" data-id=\"12585\">Anksiyete ve fobi<\/a> (\u00f6r\u00fcmcek korkusu, u\u00e7ma korkusu, s\u0131nav kayg\u0131s\u0131, sosyal anksiyete bozuklu\u011fu, hasta olma veya hastalanmaya kar\u015f\u0131 korku, kontrol\u00fc kaybetme korkusu, sahne korkusu, konu\u015fma korkusu vb.)<br>Ba\u011f\u0131\u015flama<br><a href=\"https:\/\/hypnosepraxis-greger.de\/tr\/hastaliklar\/stres-asiri-yuklenme\/\" data-type=\"page\" data-id=\"12645\">Bitkinlik ve yorgunluk<\/a><br><a href=\"https:\/\/hypnosepraxis-greger.de\/tr\/hastaliklar\/stres-asiri-yuklenme\/\" data-type=\"page\" data-id=\"12645\">\u00c7aresizlik<\/a><br>\u00c7ocuk iste\u011fi<br>Do\u011fum travmas\u0131<br>Olumsuz d\u00fc\u015f\u00fcnceler<br>Erteleme<br><a href=\"https:\/\/hypnosepraxis-greger.de\/tr\/hastaliklar\/iliskiler-ve-ozdeger\/\" data-type=\"page\" data-id=\"12576\">Evlilik ve \u0130li\u015fki sorunlar\u0131<\/a><br><a href=\"https:\/\/hypnosepraxis-greger.de\/tr\/terapi-konulari\/fiziksel-sikayetler-agrilar\/\" data-type=\"page\" data-id=\"12645\">Fiziksel \u015fikayetler<\/a> (ba\u015f a\u011fr\u0131s\u0131, boyun a\u011fr\u0131s\u0131, s\u0131rt a\u011fr\u0131s\u0131 vb.)<br><a href=\"https:\/\/hypnosepraxis-greger.de\/tr\/hastaliklar\/gencler\/\" data-type=\"page\" data-id=\"12704\">Gen\u00e7ler<\/a><br>Hafif depresyon (orta ve \u015fiddetli depresyon yaln\u0131z de\u011fil,\u00a0sadece e\u015flik edilerek)<br>Hamilelik<br><a href=\"https:\/\/hypnosepraxis-greger.de\/tr\/hastaliklar\/korkular-fobiler\/\" data-type=\"page\" data-id=\"12585\">Hipokondri<\/a> (Hasta olma veya hastalanmaya kar\u015f\u0131 korku)<br><a href=\"https:\/\/hypnosepraxis-greger.de\/tr\/hastaliklar\/stres-asiri-yuklenme\/\" data-type=\"page\" data-id=\"12645\">\u0130\u00e7 huzursuzlu\u011fu<\/a><br><a href=\"https:\/\/hypnosepraxis-greger.de\/tr\/hastaliklar\/kontrol-edilemeyen-duygular\/\" data-type=\"page\" data-id=\"12576\">H\u00fcz\u00fcn, keder<\/a><br><a href=\"https:\/\/hypnosepraxis-greger.de\/tr\/terapi-konulari\/fiziksel-sikayetler-agrilar\/\" data-type=\"page\" data-id=\"13712\">\u0130ntolerans<\/a> (laktoz, fruktoz, gluten vb.; \u00f6zellikle ya\u015fam boyunca ortaya \u00e7\u0131kt\u0131larsa)<br>\u0130slam&#8217;da kad\u0131n (a\u015fa\u011f\u0131lama, namus, \u015fiddet, g\u00fcnah, su\u00e7luluk, tecav\u00fcz)<br>Karar verememek<br><a href=\"https:\/\/hypnosepraxis-greger.de\/tr\/terapi-konulari\/duygusal-yeme\/\" data-type=\"page\" data-id=\"12513\">Kilo verme<\/a><br><a href=\"https:\/\/hypnosepraxis-greger.de\/tr\/hastaliklar\/iliskiler-ve-ozdeger\/\" data-type=\"page\" data-id=\"12576\">K\u0131skan\u00e7l\u0131k<\/a><br><a href=\"https:\/\/hypnosepraxis-greger.de\/tr\/hastaliklar\/korkular-fobiler\/\" data-type=\"page\" data-id=\"12585\">Korkular ve fobiler <\/a>(\u00f6r\u00fcmcek korkusu, u\u00e7ma korkusu, s\u0131nav kayg\u0131s\u0131, sosyal anksiyete bozuklu\u011fu, hasta olma veya hastalanmaya kar\u015f\u0131 korku, kontrol\u00fc kaybetme korkusu, sahne korkusu, konu\u015fma korkusu vb.)<br>K\u00fclt\u00fcrel konular (k\u00fclt\u00fcrler aras\u0131nda olmak, gelenek ve modernite aras\u0131nda ya\u015famak, kimli\u011fini bulmak, aidiyet sorunlar\u0131)<br><a href=\"https:\/\/hypnosepraxis-greger.de\/tr\/terapi-konulari\/fiziksel-sikayetler-agrilar\/\" data-type=\"page\" data-id=\"12645\">Mide, ba\u011f\u0131rsak, sindirim sorunlar\u0131<\/a><br>Mutsuzluk (genelde, ili\u015fki, evlilik, i\u015f, aile vb.)<br><a href=\"https:\/\/hypnosepraxis-greger.de\/tr\/terapi-konulari\/fiziksel-sikayetler-agrilar\/\" data-type=\"page\" data-id=\"12645\">Migren<\/a> (psikosomatik)<br>M\u00fckemmeliyet\u00e7ilik<br>Nefret<br>Otizmdeki konular (otistik ki\u015filerde t\u0131kanmalar, korkular veya di\u011fer \u015fikayetler)<br>\u00d6fke<br><a href=\"https:\/\/hypnosepraxis-greger.de\/tr\/hastaliklar\/iliskiler-ve-ozdeger\/\" data-type=\"page\" data-id=\"12576\">\u00d6zg\u00fcven problemleri<\/a><br><a href=\"https:\/\/hypnosepraxis-greger.de\/tr\/hastaliklar\/korkular-fobiler\/\" data-type=\"page\" data-id=\"12585\">Panik ata\u011f\u0131 ve panik bozuklukluyu<\/a><br><a href=\"https:\/\/hypnosepraxis-greger.de\/tr\/hastaliklar\/stres-asiri-yuklenme\/\" data-type=\"page\" data-id=\"12645\">Rahatlama<\/a><br><a href=\"https:\/\/hypnosepraxis-greger.de\/tr\/hastaliklar\/kontrol-edilemeyen-duygular\/\" data-type=\"page\" data-id=\"12576\">Sald\u0131rganl\u0131k<\/a><br><a href=\"https:\/\/hypnosepraxis-greger.de\/tr\/hastaliklar\/sigara-birakma\/\" data-type=\"page\" data-id=\"12540\">Sigaray\u0131 b\u0131rakma<\/a><br>Su\u00e7<br><a href=\"https:\/\/hypnosepraxis-greger.de\/tr\/hastaliklar\/stres-asiri-yuklenme\/\" data-type=\"page\" data-id=\"12645\">Stres<\/a><br><a href=\"https:\/\/hypnosepraxis-greger.de\/tr\/hastaliklar\/travma-ve-yuksek-hassasiyet\/\" data-type=\"page\" data-id=\"12672\">Travma<\/a> (felaket, psikotrauma, sava\u015f, fiziksel ve s\u00f6zl\u00fc \u015fiddet, tecav\u00fcz<br><a href=\"https:\/\/hypnosepraxis-greger.de\/tr\/hastaliklar\/stres-asiri-yuklenme\/\" data-type=\"page\" data-id=\"12645\">Uyku bozukluklar\u0131<\/a><br>Utan\u00e7<br><a href=\"https:\/\/hypnosepraxis-greger.de\/tr\/hastaliklar\/travma-ve-yuksek-hassasiyet\/\" data-type=\"page\" data-id=\"12672\">Y\u00fcksek hassasiyet\/duyarl\u0131 (HSP)<\/a><br><a href=\"https:\/\/hypnosepraxis-greger.de\/tr\/hastaliklar\/kilo-verme\/\" data-type=\"page\" data-id=\"12513\">Zay\u0131flama<\/a><\/p>\n\n\n\n<p class=\"animated fadeIn delay-500ms\">\u2026<\/p>\n\n\n\n<p class=\"animated fadeIn delay-500ms\">Sizin sorununuz hipnozla veya EMDR ile tedavi edilip edilemeyece\u011finden emin de\u011filseniz l\u00fctfen bizimle ileti\u015fime ge\u00e7in.<\/p>\n\n\n<p><button id=\"etwidgetBtn\" class=\"etwidgetBtn rightPosBtn\" type=\"button\"><\/button><\/p>\n<div id=\"etwidgetModal\" class=\"etwidget\">\n<div class=\"etcontent\"><span id=\"etWidgetClose\" class=\"etclose\">\u00d7<\/span><iframe loading=\"lazy\" id=\"etifr\" src=\"https:\/\/www.eTermin.net\/hypnosepraxis-greger?lang=tr\" scrolling=\"no\" width=\"100%\" height=\"1600px\" frameborder=\"0\"><\/iframe><script id=\"etwidget\" src=\"https:\/\/www.etermin.net\/js\/etwidget.min.js\" data-text=\"Randevu%20al\" data-color=\"#D3A84F\" data-colortext=\"#FFFFFF\" data-pos=\"right\" data-size=\"n\"><\/script><\/div>\n<\/div>\n","protected":false},"excerpt":{"rendered":"<p>A\u011fr\u0131lar (migren, ba\u015f a\u011fr\u0131s\u0131, boyun a\u011fr\u0131s\u0131, s\u0131rt a\u011fr\u0131s\u0131 vb.)AlerjiA\u015f\u0131r\u0131 y\u00fcklenmeAnksiyete ve fobi (\u00f6r\u00fcmcek korkusu, u\u00e7ma korkusu, s\u0131nav kayg\u0131s\u0131, sosyal anksiyete bozuklu\u011fu, hasta olma veya hastalanmaya kar\u015f\u0131 korku, kontrol\u00fc kaybetme korkusu, sahne korkusu, konu\u015fma korkusu vb.)Ba\u011f\u0131\u015flamaBitkinlik ve yorgunluk\u00c7aresizlik\u00c7ocuk iste\u011fiDo\u011fum travmas\u0131Olumsuz d\u00fc\u015f\u00fcncelerErtelemeEvlilik ve \u0130li\u015fki sorunlar\u0131Fiziksel \u015fikayetler (ba\u015f a\u011fr\u0131s\u0131, boyun a\u011fr\u0131s\u0131, s\u0131rt a\u011fr\u0131s\u0131 vb.)Gen\u00e7lerHafif depresyon (orta ve \u015fiddetli &hellip; <\/p>\n<p class=\"link-more\"><a href=\"https:\/\/hypnosepraxis-greger.de\/tr\/terapi-konulari\/\" class=\"more-link\">Okumaya devam et<span class=\"screen-reader-text\"> &#8220;Terapi konular\u0131&#8221;<\/span><\/a><\/p>\n","protected":false},"author":1,"featured_media":13024,"parent":0,"menu_order":0,"comment_status":"closed","ping_status":"closed","template":"","meta":{"footnotes":""},"class_list":["post-3913","page","type-page","status-publish","has-post-thumbnail","hentry"],"_links":{"self":[{"href":"https:\/\/hypnosepraxis-greger.de\/tr\/wp-json\/wp\/v2\/pages\/3913","targetHints":{"allow":["GET"]}}],"collection":[{"href":"https:\/\/hypnosepraxis-greger.de\/tr\/wp-json\/wp\/v2\/pages"}],"about":[{"href":"https:\/\/hypnosepraxis-greger.de\/tr\/wp-json\/wp\/v2\/types\/page"}],"author":[{"embeddable":true,"href":"https:\/\/hypnosepraxis-greger.de\/tr\/wp-json\/wp\/v2\/users\/1"}],"replies":[{"embeddable":true,"href":"https:\/\/hypnosepraxis-greger.de\/tr\/wp-json\/wp\/v2\/comments?post=3913"}],"version-history":[{"count":14,"href":"https:\/\/hypnosepraxis-greger.de\/tr\/wp-json\/wp\/v2\/pages\/3913\/revisions"}],"predecessor-version":[{"id":14037,"href":"https:\/\/hypnosepraxis-greger.de\/tr\/wp-json\/wp\/v2\/pages\/3913\/revisions\/14037"}],"wp:featuredmedia":[{"embeddable":true,"href":"https:\/\/hypnosepraxis-greger.de\/tr\/wp-json\/wp\/v2\/media\/13024"}],"wp:attachment":[{"href":"https:\/\/hypnosepraxis-greger.de\/tr\/wp-json\/wp\/v2\/media?parent=3913"}],"curies":[{"name":"wp","href":"https:\/\/api.w.org\/{rel}","templated":true}]}}