{"id":4431,"date":"2021-07-23T10:55:43","date_gmt":"2021-07-23T08:55:43","guid":{"rendered":"https:\/\/hypnosepraxis-greger.de\/?page_id=4431"},"modified":"2026-03-05T20:06:10","modified_gmt":"2026-03-05T19:06:10","slug":"iletisim","status":"publish","type":"page","link":"https:\/\/hypnosepraxis-greger.de\/tr\/iletisim\/","title":{"rendered":"\u0130leti\u015fim"},"content":{"rendered":"\n<div class=\"wp-block-columns is-layout-flex wp-container-core-columns-is-layout-9d6595d7 wp-block-columns-is-layout-flex\">\n<div class=\"wp-block-column is-layout-flow wp-block-column-is-layout-flow\">\n<div class=\"wp-block-group\"><div class=\"wp-block-group__inner-container is-layout-constrained wp-block-group-is-layout-constrained\">\n<h5 class=\"wp-block-heading animated fadeIn delay-200ms\" id=\"h-adres\"><strong>ADRES<\/strong><\/h5>\n\n\n\n<p class=\"animated fadeIn delay-200ms\">Hypnosezentrum<br>(nach Heilpraktikergesetz)<br>\u00d6zge Greger<br>Ackerstra\u00dfe 168a<br>40233 D\u00fcsseldorf<\/p>\n\n\n\n<h5 class=\"wp-block-heading animated fadeIn delay-200ms\" id=\"h-iletisim\"><strong><strong>\u00c7al\u0131\u015fma saatleri<\/strong><\/strong><\/h5>\n\n\n\n<p class=\"animated fadeIn delay-200ms\">Pazartesi \u2013 Cuma<br>9:00&nbsp;\u2013&nbsp;19:00<br>A\u00e7\u0131l\u0131\u015f saatleri d\u0131\u015f\u0131nda randevu almak m\u00fcmk\u00fcnd\u00fcr; hafta sonu randevular\u0131 sadece istisnai durumlarda.<\/p>\n\n\n\n<p class=\"animated fadeIn delay-200ms\"><br>Telefon: 0151.403 340 43<br>post [at] hypnosepraxis-greger [dot] de*<br><a href=\"http:\/\/www.hypnosepraxis-greger.de\">www.hypnosepraxis-greger.de<\/a><br><a href=\"https:\/\/www.etermin.net\/hypnosepraxis-greger\" target=\"_blank\" rel=\"noreferrer noopener\">https:\/\/www.etermin.net\/hypnosepraxis-greger<\/a><\/p>\n\n\n<style>.wp-block-kadence-column.kb-section-dir-horizontal > .kt-inside-inner-col > .kt-info-box4431_938f54-06 .kt-blocks-info-box-link-wrap{max-width:unset;}.kt-info-box4431_938f54-06 .kt-blocks-info-box-link-wrap{border-top:0px solid #f1d9ab;border-right:0px solid #f1d9ab;border-bottom:0px solid #f1d9ab;border-left:0px solid #f1d9ab;border-top-left-radius:10px;border-top-right-radius:10px;border-bottom-right-radius:10px;border-bottom-left-radius:10px;background:#f1f0ec;padding-top:var(--global-kb-spacing-xs, 1rem);padding-right:var(--global-kb-spacing-xs, 1rem);padding-bottom:var(--global-kb-spacing-xs, 1rem);padding-left:var(--global-kb-spacing-xs, 1rem);margin-bottom:var(--global-kb-spacing-md, 2rem);}.kt-info-box4431_938f54-06 .kadence-info-box-icon-container .kt-info-svg-icon, .kt-info-box4431_938f54-06 .kt-info-svg-icon-flip, .kt-info-box4431_938f54-06 .kt-blocks-info-box-number{font-size:50px;}.kt-info-box4431_938f54-06 .kt-blocks-info-box-media{border-top-width:0px;border-right-width:0px;border-bottom-width:0px;border-left-width:0px;padding-top:10px;padding-right:10px;padding-bottom:10px;padding-left:10px;}.kt-info-box4431_938f54-06 .kt-blocks-info-box-media-container{margin-top:0px;margin-right:15px;margin-bottom:0px;margin-left:15px;}.kt-info-box4431_938f54-06 .kt-infobox-textcontent h3.kt-blocks-info-box-title{color:#000000;font-family:-apple-system,BlinkMacSystemFont,\"Segoe UI\",Roboto,Oxygen-Sans,Ubuntu,Cantarell,\"Helvetica Neue\",sans-serif, \"Apple Color Emoji\", \"Segoe UI Emoji\", \"Segoe UI Symbol\";font-style:normal;}.kt-info-box4431_938f54-06 .kt-infobox-textcontent .kt-blocks-info-box-text{color:rgba(0,0,0,0.64);}.wp-block-kadence-infobox.kt-info-box4431_938f54-06 .kt-blocks-info-box-text{font-size:var(--global-kb-font-size-sm, 0.9rem);font-family:-apple-system,BlinkMacSystemFont,\"Segoe UI\",Roboto,Oxygen-Sans,Ubuntu,Cantarell,\"Helvetica Neue\",sans-serif, \"Apple Color Emoji\", \"Segoe UI Emoji\", \"Segoe UI Symbol\";font-style:normal;}.kt-info-box4431_938f54-06 .kt-blocks-info-box-learnmore{background:transparent;border-width:0px 0px 0px 0px;padding-top:4px;padding-right:8px;padding-bottom:4px;padding-left:8px;margin-top:10px;margin-right:0px;margin-bottom:10px;margin-left:0px;}@media all and (max-width: 1024px){.kt-info-box4431_938f54-06 .kt-blocks-info-box-link-wrap{border-top:0px solid #f1d9ab;border-right:0px solid #f1d9ab;border-bottom:0px solid #f1d9ab;border-left:0px solid #f1d9ab;}}@media all and (max-width: 767px){.kt-info-box4431_938f54-06 .kt-blocks-info-box-link-wrap{border-top:0px solid #f1d9ab;border-right:0px solid #f1d9ab;border-bottom:0px solid #f1d9ab;border-left:0px solid #f1d9ab;}}<\/style>\n<div class=\"wp-block-kadence-infobox kt-info-box4431_938f54-06 animated fadeIn delay-200ms\"><span class=\"kt-blocks-info-box-link-wrap info-box-link kt-blocks-info-box-media-align-top kt-info-halign-left\"><div class=\"kt-infobox-textcontent\"><p class=\"kt-blocks-info-box-text\"><em>* Telefon veya e-posta yoluyla (<em><a href=\"https:\/\/hypnosepraxis-greger.de\/datenschutz\/\" data-type=\"URL\" data-id=\"https:\/\/hypnosepraxis-greger.de\/datenschutz\/\">Datenschutz<\/a>&#8216;a bak\u0131n<\/em>) yap\u0131lan ileti\u015fim taleplerine, \u00e7al\u0131\u015fma saatleri i\u00e7inde olmak \u00fczere, 48 saat i\u00e7erisinde geri&nbsp;d\u00f6n\u00fc\u015f yap\u0131yoruz<\/em>. <em>L\u00fctfen her zaman spam&#8217;inizi kontrol edin.<\/em><\/p><\/div><\/span><\/div>\n<\/div><\/div>\n<\/div>\n\n\n\n<div class=\"wp-block-column is-layout-flow wp-block-column-is-layout-flow\" style=\"flex-basis:50%\"><style>.kadence-form-4431_4e2c89-42 .kb-form .kadence-blocks-form-field{margin-bottom:19px;}.kadence-form-4431_4e2c89-42 .kb-form .kadence-blocks-form-field{padding-right:4px;padding-left:4px;}.kadence-form-4431_4e2c89-42 .kb-form{margin-right:-4px;margin-left:-4px;}.kadence-form-4431_4e2c89-42 .kb-form .kadence-blocks-form-field .kb-text-style-field, .kadence-form-4431_4e2c89-42 .kb-form .kadence-blocks-form-field .kb-select-style-field{color:#000000;font-size:var(--global-kb-font-size-sm, 0.9rem);border-width:1px 1px 1px 1px;background:#ffffff;border-color:#debc7b;}.kadence-form-4431_4e2c89-42 .kb-form .kadence-blocks-form-field .kb-text-style-field{padding-top:4px;padding-right:4px;padding-bottom:4px;padding-left:4px;}.kadence-form-4431_4e2c89-42 .kb-form .kadence-blocks-form-field > label{font-size:var(--global-kb-font-size-sm, 0.9rem);letter-spacing:0px;font-weight:400;}.kadence-form-4431_4e2c89-42 .kb-form .kadence-blocks-form-field .kb-forms-submit{border-width:2px 2px 2px 2px;background:#debc7b;border-color:#debc7b;}.kadence-form-4431_4e2c89-42 .kb-form .kadence-blocks-form-field .kb-forms-submit:hover, .kadence-form-4431_4e2c89-42 .kb-form .kadence-blocks-form-field .kb-forms-submit:focus {color:#debc7b;border-color:#debc7b;background:#ffffff;}.kadence-form-4431_4e2c89-42 .kb-form .kadence-blocks-form-field .kb-forms-submit{margin-top:0px;margin-right:0px;margin-bottom:0px;margin-left:0px;}.kadence-form-4431_4e2c89-42 .kb-form .kadence-blocks-form-field .kb-forms-submit{font-size:var(--global-kb-font-size-sm, 0.9rem);font-weight:400;}.kadence-form-4431_4e2c89-42 .kadence-blocks-form-success{color:#debc7b;border-color:#debc7b;background:#ffffff;}.kadence-form-4431_4e2c89-42 .kadence-blocks-form-warning{color:#e92323;border-color:#e92323;}.kb-form input.kadence-blocks-field.verify{opacity:0.0;position:absolute;top:0.0;left:0.0;width:0.0;height:0.0;z-index:-1;}@media all and (max-width: 767px){.wp-block-kadence-form.kadence-form-4431_4e2c89-42.kb-form-wrap{margin-top:0px;}}<\/style>\n<div class=\"wp-block-kadence-form kadence-form-4431_4e2c89-42 kb-form-wrap animated fadeIn delay-200ms\" id=\"geriarama\"><form class=\"kb-form\" action=\"\" method=\"post\" data-error-message=\"Devam edebilmek i\u00e7in l\u00fctfen hatay\u0131 d\u00fczeltin.\"><div class=\"kadence-blocks-form-field kb-field-desk-width-100 kb-input-size-custom\"><label for=\"kb_field_4431_4e2c89-42_0\">Selamlama<span class=\"required\">*<\/span><\/label><select name=\"kb_field_0\" id=\"kb_field_4431_4e2c89-42_0\" data-label=\"Selamlama\" type=\"select\" value=\"\" data-type=\"select\" class=\"kb-field kb-select-style-field kb-select-field kb-field-0\" data-required=\"yes\"><option value=\"\" disabled selected>&#8211; &#8211; l\u00fctfen se\u00e7iniz &#8211; &#8211;<\/option><option value=\"Bayan\">Bayan<\/option><option value=\"Bay\">Bay<\/option><option value=\"Divers\">Divers<\/option><\/select><\/div><div class=\"kadence-blocks-form-field kb-form-field-1 kb-field-desk-width-100 kb-input-size-custom\"><label for=\"kb_field_4431_4e2c89-42_1\">Ad ve Soyad<span class=\"required\">*<\/span><\/label><input name=\"kb_field_1\" id=\"kb_field_4431_4e2c89-42_1\" data-label=\"Ad ve Soyad\" type=\"text\" placeholder=\"\" value=\"\" data-type=\"text\" class=\"kb-field kb-text-style-field kb-text-field kb-field-1\" data-required=\"yes\" data-required-message=\"Ad ve Soyad gereklidir\"\/><\/div><div class=\"kadence-blocks-form-field kb-form-field-2 kb-field-desk-width-100 kb-input-size-custom\"><label for=\"kb_field_4431_4e2c89-42_2\">E-Posta<span class=\"required\">*<\/span><\/label><input name=\"kb_field_2\" id=\"kb_field_4431_4e2c89-42_2\" data-label=\"E-Posta\" type=\"email\" placeholder=\"\" value=\"\" data-type=\"email\" class=\"kb-field kb-text-style-field kb-email-field kb-field-2\" data-required=\"yes\" data-required-message=\"E-Posta gereklidir\" data-validation-message=\"E-Posta ge\u00e7erli de\u011fil\"\/><\/div><div class=\"kadence-blocks-form-field kb-form-field-3 kb-field-desk-width-100 kb-input-size-custom\"><label for=\"kb_field_4431_4e2c89-42_3\">Telefon numaras\u0131 (geri aranmak isterseniz)<\/label><input name=\"kb_field_3\" id=\"kb_field_4431_4e2c89-42_3\" data-label=\"Telefon numaras\u0131 (geri aranmak isterseniz)\" type=\"tel\" placeholder=\"\" value=\"\" data-type=\"tel\" class=\"kb-field kb-text-style-field kb-tel-field kb-field-3\" data-validation-message=\"Telefon numaras\u0131 ge\u00e7erli de\u011fil\"\/><\/div><div class=\"kadence-blocks-form-field kb-form-field-4 kb-field-desk-width-100 kb-input-size-custom\"><label for=\"kb_field_4431_4e2c89-42_4\">Notunuz<span class=\"required\">*<\/span><\/label><textarea name=\"kb_field_4\" id=\"kb_field_4431_4e2c89-42_4\" data-label=\"Notunuz\" type=\"textarea\" placeholder=\"\" data-type=\"textarea\" class=\"kb-field kb-text-style-field kb-textarea-field kb-field-4\" rows=\"4\" data-required=\"yes\" data-required-message=\"Notunuz gereklidir\"><\/textarea><\/div><input type=\"hidden\" name=\"_kb_form_id\" value=\"4431_4e2c89-42\"\/><input type=\"hidden\" name=\"_kb_form_post_id\" value=\"4431\"\/><input type=\"hidden\" name=\"action\" value=\"kb_process_ajax_submit\"\/><input type=\"hidden\" name=\"recaptcha_response\" class=\"kb_recaptcha_response kb_recaptcha_4431_4e2c89-42\"\/><label class=\"kadence-verify-label\">Email<input class=\"kadence-blocks-field verify\" type=\"text\" name=\"_kb_verify_email\" autocomplete=\"new-password\" aria-hidden=\"true\" placeholder=\"Email\" tabindex=\"-1\" data-1p-ignore=\"true\" data-lpignore=\"true\" \/><\/label><div class=\"kadence-blocks-form-field kb-submit-field kb-field-desk-width-100\"><button class=\"kb-forms-submit button kb-button-size-small kb-button-width-auto\">G\u00f6nder<\/button><\/div><\/form><\/div>\n<noscript><div class=\"kadence-blocks-form-message kadence-blocks-form-warning\">Please enable JavaScript in your browser to submit the form<\/div><style>.kadence-form-4431_4e2c89-42 .kadence-blocks-form-field.kb-submit-field { display: none; }<\/style><\/noscript><\/div>\n<\/div>\n\n\n\n<p class=\"animated fadeIn delay-200ms\">Herhangi bir sorunuz ya da \u00f6zel bir randevu talebiniz varsa, ileti\u015fim formu \u00fczerinden bize ula\u015fabilirsiniz.<\/p>\n\n\n\n<p class=\"animated fadeIn delay-200ms\">Seans s\u0131ras\u0131nda ararsan\u0131z, telesekreter otomatik olarak cevap verir.<\/p>\n\n\n\n<hr class=\"wp-block-separator has-alpha-channel-opacity is-style-wide\"\/>\n\n\n\n<div class=\"wp-block-columns is-layout-flex wp-container-core-columns-is-layout-9d6595d7 wp-block-columns-is-layout-flex\">\n<div class=\"wp-block-column is-layout-flow wp-block-column-is-layout-flow\">\n<div class=\"wp-block-group animated fadeIn delay-200ms has-background\" style=\"background-color:#f1f0ec\"><div class=\"wp-block-group__inner-container is-layout-constrained wp-block-group-is-layout-constrained\">\n<h5 class=\"wp-block-heading animated fadeIn delay-200ms has-black-color has-text-color has-link-color wp-elements-5beee9f4c3925bfc470ab04a8b07bf68\">Muayenehanenin yeri<\/h5>\n\n\n\n<p class=\"animated fadeIn delay-200ms\">Muayenehane D\u00fcsseldorf, Flingern Nord&#8217;da bulunmaktad\u0131r.<\/p>\n\n\n\n<p class=\"animated fadeIn delay-200ms\">737 \/ 834 numaral\u0131 otob\u00fcsler, 706 numaral\u0131 tramway ve U71 \/ U72 \/ U73 \/ U83 numaral\u0131 trenler (U-Bahn) muayenehanenin yak\u0131n\u0131na var\u0131yor. Park yeri bulamazsan\u0131z, <a href=\"https:\/\/goo.gl\/maps\/DMR8BsLgQuX58duL7\" data-type=\"URL\" data-id=\"https:\/\/goo.gl\/maps\/DMR8BsLgQuX58duL7\" target=\"_blank\" rel=\"noreferrer noopener\">Cranachplatz<\/a>&#8216;ta (5 dakika yayan) bedava park yeri bulunur. <\/p>\n\n\n\n<p class=\"animated fadeIn delay-200ms\">Muayenehanenin \u00f6n\u00fcndeki park yerleri \u00fccretlidir. <\/p>\n\n\n\n<p class=\"animated fadeIn delay-200ms\">Alternatif olarak, Uhlandstra\u00dfe 9\u2019daki (Uhlandpraxen) otoparka da park edebilirsiniz (10 dakika yayan).<\/p>\n\n\n<style>.wp-block-kadence-column.kb-section-dir-horizontal > .kt-inside-inner-col > .kt-info-box4431_82da36-8e .kt-blocks-info-box-link-wrap{max-width:unset;}.kt-info-box4431_82da36-8e .kt-blocks-info-box-link-wrap{border-top:3px solid #ece9e4;border-right:3px solid #ece9e4;border-bottom:3px solid #ece9e4;border-left:3px solid #ece9e4;border-top-left-radius:10px;border-top-right-radius:10px;border-bottom-right-radius:10px;border-bottom-left-radius:10px;background:#ffffff;padding-top:var(--global-kb-spacing-xs, 1rem);padding-right:var(--global-kb-spacing-xs, 1rem);padding-bottom:var(--global-kb-spacing-xs, 1rem);padding-left:var(--global-kb-spacing-xs, 1rem);margin-bottom:var(--global-kb-spacing-md, 2rem);}.kt-info-box4431_82da36-8e .kadence-info-box-icon-container .kt-info-svg-icon, .kt-info-box4431_82da36-8e .kt-info-svg-icon-flip, .kt-info-box4431_82da36-8e .kt-blocks-info-box-number{font-size:50px;}.kt-info-box4431_82da36-8e .kt-blocks-info-box-media{border-top-width:0px;border-right-width:0px;border-bottom-width:0px;border-left-width:0px;padding-top:10px;padding-right:10px;padding-bottom:10px;padding-left:10px;}.kt-info-box4431_82da36-8e .kt-blocks-info-box-media-container{margin-top:0px;margin-right:15px;margin-bottom:0px;margin-left:15px;}.kt-info-box4431_82da36-8e .kt-infobox-textcontent h3.kt-blocks-info-box-title{color:#000000;font-family:-apple-system,BlinkMacSystemFont,\"Segoe UI\",Roboto,Oxygen-Sans,Ubuntu,Cantarell,\"Helvetica Neue\",sans-serif, \"Apple Color Emoji\", \"Segoe UI Emoji\", \"Segoe UI Symbol\";font-style:normal;}.kt-info-box4431_82da36-8e .kt-infobox-textcontent .kt-blocks-info-box-text{color:rgba(0,0,0,0.64);}.wp-block-kadence-infobox.kt-info-box4431_82da36-8e .kt-blocks-info-box-text{font-family:-apple-system,BlinkMacSystemFont,\"Segoe UI\",Roboto,Oxygen-Sans,Ubuntu,Cantarell,\"Helvetica Neue\",sans-serif, \"Apple Color Emoji\", \"Segoe UI Emoji\", \"Segoe UI Symbol\";font-style:normal;}.kt-info-box4431_82da36-8e .kt-blocks-info-box-learnmore{background:transparent;border-width:0px 0px 0px 0px;padding-top:4px;padding-right:8px;padding-bottom:4px;padding-left:8px;margin-top:10px;margin-right:0px;margin-bottom:10px;margin-left:0px;}@media all and (max-width: 1024px){.kt-info-box4431_82da36-8e .kt-blocks-info-box-link-wrap{border-top:3px solid #ece9e4;border-right:3px solid #ece9e4;border-bottom:3px solid #ece9e4;border-left:3px solid #ece9e4;}}@media all and (max-width: 767px){.kt-info-box4431_82da36-8e .kt-blocks-info-box-link-wrap{border-top:3px solid #ece9e4;border-right:3px solid #ece9e4;border-bottom:3px solid #ece9e4;border-left:3px solid #ece9e4;}}<\/style>\n<div class=\"wp-block-kadence-infobox kt-info-box4431_82da36-8e animated fadeIn delay-200ms\"><span class=\"kt-blocks-info-box-link-wrap info-box-link kt-blocks-info-box-media-align-top kt-info-halign-center\"><div class=\"kt-infobox-textcontent\"><p class=\"kt-blocks-info-box-text\">\u015eu anda kap\u0131n\u0131n \u00f6n\u00fcnde in\u015faat \u00e7al\u0131\u015fmas\u0131 var. Bu nedenle l\u00fctfen park yeri bulmak i\u00e7in biraz fazla zaman planlay\u0131n.<\/p><\/div><\/span><\/div>\n<\/div><\/div>\n<\/div>\n\n\n\n<div class=\"wp-block-column animated fadeIn delay-200ms is-layout-flow wp-block-column-is-layout-flow\">\n<iframe src=\"https:\/\/www.google.com\/maps\/embed?pb=!1m18!1m12!1m3!1d2498.384616260388!2d6.81021533523853!3d51.230411113742576!2m3!1f0!2f0!3f0!3m2!1i1024!2i768!4f13.1!3m3!1m2!1s0x47b8cbd5cb6742a9%3A0x8a16d2a9da5fd5ea!2sPraxis%20f%C3%BCr%20Hypnosetherapie%20%C3%96zge%20Greger!5e0!3m2!1sde!2sde!4v1726837329686!5m2!1sde!2sde\" width=\"900\" height=\"400\" style=\"border:0;\" allowfullscreen=\"\" loading=\"lazy\" referrerpolicy=\"no-referrer-when-downgrade\"><\/iframe>\n<\/div>\n<\/div>\n\n\n<style>.wp-block-kadence-column.kb-section-dir-horizontal > .kt-inside-inner-col > .kt-info-box4431_5caa7e-f5 .kt-blocks-info-box-link-wrap{max-width:unset;}.kt-info-box4431_5caa7e-f5 .kt-blocks-info-box-link-wrap{border-top:3px solid #ece9e4;border-right:3px solid #ece9e4;border-bottom:3px solid #ece9e4;border-left:3px solid #ece9e4;border-top-left-radius:10px;border-top-right-radius:10px;border-bottom-right-radius:10px;border-bottom-left-radius:10px;background:#ffffff;padding-top:var(--global-kb-spacing-xs, 1rem);padding-right:var(--global-kb-spacing-xs, 1rem);padding-bottom:var(--global-kb-spacing-xs, 1rem);padding-left:var(--global-kb-spacing-xs, 1rem);margin-bottom:var(--global-kb-spacing-md, 2rem);}.kt-info-box4431_5caa7e-f5 .kadence-info-box-icon-container .kt-info-svg-icon, .kt-info-box4431_5caa7e-f5 .kt-info-svg-icon-flip, .kt-info-box4431_5caa7e-f5 .kt-blocks-info-box-number{font-size:50px;}.kt-info-box4431_5caa7e-f5 .kt-blocks-info-box-media{border-top-width:0px;border-right-width:0px;border-bottom-width:0px;border-left-width:0px;padding-top:10px;padding-right:10px;padding-bottom:10px;padding-left:10px;}.kt-info-box4431_5caa7e-f5 .kt-blocks-info-box-media-container{margin-top:0px;margin-right:15px;margin-bottom:0px;margin-left:15px;}.kt-info-box4431_5caa7e-f5 .kt-infobox-textcontent h3.kt-blocks-info-box-title{color:#000000;font-family:-apple-system,BlinkMacSystemFont,\"Segoe UI\",Roboto,Oxygen-Sans,Ubuntu,Cantarell,\"Helvetica Neue\",sans-serif, \"Apple Color Emoji\", \"Segoe UI Emoji\", \"Segoe UI Symbol\";font-style:normal;}.kt-info-box4431_5caa7e-f5 .kt-infobox-textcontent .kt-blocks-info-box-text{color:rgba(0,0,0,0.64);}.wp-block-kadence-infobox.kt-info-box4431_5caa7e-f5 .kt-blocks-info-box-text{font-family:-apple-system,BlinkMacSystemFont,\"Segoe UI\",Roboto,Oxygen-Sans,Ubuntu,Cantarell,\"Helvetica Neue\",sans-serif, \"Apple Color Emoji\", \"Segoe UI Emoji\", \"Segoe UI Symbol\";font-style:normal;}.kt-info-box4431_5caa7e-f5 .kt-blocks-info-box-learnmore{background:transparent;border-width:0px 0px 0px 0px;padding-top:4px;padding-right:8px;padding-bottom:4px;padding-left:8px;margin-top:10px;margin-right:0px;margin-bottom:10px;margin-left:0px;}@media all and (max-width: 1024px){.kt-info-box4431_5caa7e-f5 .kt-blocks-info-box-link-wrap{border-top:3px solid #ece9e4;border-right:3px solid #ece9e4;border-bottom:3px solid #ece9e4;border-left:3px solid #ece9e4;}}@media all and (max-width: 767px){.kt-info-box4431_5caa7e-f5 .kt-blocks-info-box-link-wrap{border-top:3px solid #ece9e4;border-right:3px solid #ece9e4;border-bottom:3px solid #ece9e4;border-left:3px solid #ece9e4;}}<\/style>\n<div class=\"wp-block-kadence-infobox kt-info-box4431_5caa7e-f5 animated fadeIn delay-200ms\"><span class=\"kt-blocks-info-box-link-wrap info-box-link kt-blocks-info-box-media-align-top kt-info-halign-center\"><div class=\"kt-infobox-textcontent\"><h3 class=\"kt-blocks-info-box-title\">Acil durumda ofise ula\u015famazsam ne yapmam gerekiyor<\/h3><p class=\"kt-blocks-info-box-text\">Duygusal bir acil durumdaysan\u0131z ve ofise ula\u015fam\u0131yorsan\u0131z, l\u00fctfen \u015fu yerlere ba\u015fvurun:<br><strong><strong>\u00c4rztlicher Bereitschaftsdienst<\/strong><\/strong> \u2013 Tel. 116 117<br><strong>Sozialpsychiatrischer Dienst D\u00fcsseldorf <\/strong>\u2013 Tel. 0211\u202f-\u202f8995391<br><strong>LVR Klinikum D\u00fcsseldorf<\/strong>&nbsp;\u2013 Tel. 0211\u202f-\u202f922\u202f0<br>Bu kurumlar, acil kriz durumlar\u0131nda size profesyonel destek sa\u011flar.<\/p><\/div><\/span><\/div>\n\n\n<style>.wp-block-kadence-column.kb-section-dir-horizontal > .kt-inside-inner-col > .kt-info-box4431_b23199-7d .kt-blocks-info-box-link-wrap{max-width:unset;}.kt-info-box4431_b23199-7d .kt-blocks-info-box-link-wrap{border-top:0px solid #ece9e4;border-right:0px solid #ece9e4;border-bottom:0px solid #ece9e4;border-left:0px solid #ece9e4;border-top-left-radius:10px;border-top-right-radius:10px;border-bottom-right-radius:10px;border-bottom-left-radius:10px;background:#f1f0ec;padding-top:var(--global-kb-spacing-xs, 1rem);padding-right:var(--global-kb-spacing-xs, 1rem);padding-bottom:var(--global-kb-spacing-xs, 1rem);padding-left:var(--global-kb-spacing-xs, 1rem);margin-bottom:var(--global-kb-spacing-md, 2rem);}.kt-info-box4431_b23199-7d .kadence-info-box-icon-container .kt-info-svg-icon, .kt-info-box4431_b23199-7d .kt-info-svg-icon-flip, .kt-info-box4431_b23199-7d .kt-blocks-info-box-number{font-size:50px;}.kt-info-box4431_b23199-7d .kt-blocks-info-box-media{border-top-width:0px;border-right-width:0px;border-bottom-width:0px;border-left-width:0px;padding-top:10px;padding-right:10px;padding-bottom:10px;padding-left:10px;}.kt-info-box4431_b23199-7d .kt-blocks-info-box-media-container{margin-top:0px;margin-right:15px;margin-bottom:0px;margin-left:15px;}.kt-info-box4431_b23199-7d .kt-infobox-textcontent p.kt-blocks-info-box-title{color:#000000;font-size:var(--global-kb-font-size-sm, 0.9rem);font-family:-apple-system,BlinkMacSystemFont,\"Segoe UI\",Roboto,Oxygen-Sans,Ubuntu,Cantarell,\"Helvetica Neue\",sans-serif, \"Apple Color Emoji\", \"Segoe UI Emoji\", \"Segoe UI Symbol\";font-style:normal;}.kt-info-box4431_b23199-7d .kt-infobox-textcontent .kt-blocks-info-box-text{color:rgba(0,0,0,0.64);}.wp-block-kadence-infobox.kt-info-box4431_b23199-7d .kt-blocks-info-box-text{font-family:-apple-system,BlinkMacSystemFont,\"Segoe UI\",Roboto,Oxygen-Sans,Ubuntu,Cantarell,\"Helvetica Neue\",sans-serif, \"Apple Color Emoji\", \"Segoe UI Emoji\", \"Segoe UI Symbol\";font-style:normal;}.kt-info-box4431_b23199-7d .kt-blocks-info-box-learnmore{background:transparent;border-width:0px 0px 0px 0px;padding-top:4px;padding-right:8px;padding-bottom:4px;padding-left:8px;margin-top:10px;margin-right:0px;margin-bottom:10px;margin-left:0px;}@media all and (max-width: 1024px){.kt-info-box4431_b23199-7d .kt-blocks-info-box-link-wrap{border-top:0px solid #ece9e4;border-right:0px solid #ece9e4;border-bottom:0px solid #ece9e4;border-left:0px solid #ece9e4;}}@media all and (max-width: 767px){.kt-info-box4431_b23199-7d .kt-blocks-info-box-link-wrap{border-top:0px solid #ece9e4;border-right:0px solid #ece9e4;border-bottom:0px solid #ece9e4;border-left:0px solid #ece9e4;}}<\/style>\n<div class=\"wp-block-kadence-infobox kt-info-box4431_b23199-7d animated fadeIn delay-200ms\"><span class=\"kt-blocks-info-box-link-wrap info-box-link kt-blocks-info-box-media-align-top kt-info-halign-center\"><div class=\"kt-infobox-textcontent\"><p class=\"kt-blocks-info-box-text\">Ofisimizde \u00e7al\u0131\u015fan bulunmamaktad\u0131r, bu nedenle ba\u015fvurular veya talepler de\u011ferlendirilememektedir. Anlay\u0131\u015f\u0131n\u0131z i\u00e7in te\u015fekk\u00fcr ederiz.<\/p><\/div><\/span><\/div>\n\n\n<p><button id=\"etwidgetBtn\" class=\"etwidgetBtn rightPosBtn\" type=\"button\"><\/button><\/p>\n<div id=\"etwidgetModal\" class=\"etwidget\">\n<div class=\"etcontent\"><span id=\"etWidgetClose\" class=\"etclose\">\u00d7<\/span><iframe loading=\"lazy\" id=\"etifr\" src=\"https:\/\/www.eTermin.net\/hypnosepraxis-greger?lang=tr\" scrolling=\"no\" width=\"100%\" height=\"1600px\" frameborder=\"0\"><\/iframe><script id=\"etwidget\" src=\"https:\/\/www.etermin.net\/js\/etwidget.min.js\" data-text=\"Randevu%20al\" data-color=\"#D3A84F\" data-colortext=\"#FFFFFF\" data-pos=\"right\" data-size=\"n\"><\/script><\/div>\n<\/div>\n","protected":false},"excerpt":{"rendered":"<p>ADRES Hypnosezentrum(nach Heilpraktikergesetz)\u00d6zge GregerAckerstra\u00dfe 168a40233 D\u00fcsseldorf \u00c7al\u0131\u015fma saatleri Pazartesi \u2013 Cuma9:00&nbsp;\u2013&nbsp;19:00A\u00e7\u0131l\u0131\u015f saatleri d\u0131\u015f\u0131nda randevu almak m\u00fcmk\u00fcnd\u00fcr; hafta sonu randevular\u0131 sadece istisnai durumlarda. Telefon: 0151.403 340 43post [at] hypnosepraxis-greger [dot] de*www.hypnosepraxis-greger.dehttps:\/\/www.etermin.net\/hypnosepraxis-greger Herhangi bir sorunuz ya da \u00f6zel bir randevu talebiniz varsa, ileti\u015fim formu \u00fczerinden bize ula\u015fabilirsiniz. Seans s\u0131ras\u0131nda ararsan\u0131z, telesekreter otomatik olarak cevap verir. Muayenehanenin yeri &hellip; <\/p>\n<p class=\"link-more\"><a href=\"https:\/\/hypnosepraxis-greger.de\/tr\/iletisim\/\" class=\"more-link\">Okumaya devam et<span class=\"screen-reader-text\"> &#8220;\u0130leti\u015fim&#8221;<\/span><\/a><\/p>\n","protected":false},"author":1,"featured_media":3637,"parent":0,"menu_order":0,"comment_status":"closed","ping_status":"closed","template":"","meta":{"footnotes":""},"class_list":["post-4431","page","type-page","status-publish","has-post-thumbnail","hentry"],"_links":{"self":[{"href":"https:\/\/hypnosepraxis-greger.de\/tr\/wp-json\/wp\/v2\/pages\/4431","targetHints":{"allow":["GET"]}}],"collection":[{"href":"https:\/\/hypnosepraxis-greger.de\/tr\/wp-json\/wp\/v2\/pages"}],"about":[{"href":"https:\/\/hypnosepraxis-greger.de\/tr\/wp-json\/wp\/v2\/types\/page"}],"author":[{"embeddable":true,"href":"https:\/\/hypnosepraxis-greger.de\/tr\/wp-json\/wp\/v2\/users\/1"}],"replies":[{"embeddable":true,"href":"https:\/\/hypnosepraxis-greger.de\/tr\/wp-json\/wp\/v2\/comments?post=4431"}],"version-history":[{"count":33,"href":"https:\/\/hypnosepraxis-greger.de\/tr\/wp-json\/wp\/v2\/pages\/4431\/revisions"}],"predecessor-version":[{"id":14011,"href":"https:\/\/hypnosepraxis-greger.de\/tr\/wp-json\/wp\/v2\/pages\/4431\/revisions\/14011"}],"wp:featuredmedia":[{"embeddable":true,"href":"https:\/\/hypnosepraxis-greger.de\/tr\/wp-json\/wp\/v2\/media\/3637"}],"wp:attachment":[{"href":"https:\/\/hypnosepraxis-greger.de\/tr\/wp-json\/wp\/v2\/media?parent=4431"}],"curies":[{"name":"wp","href":"https:\/\/api.w.org\/{rel}","templated":true}]}}