{"id":8281,"date":"2024-09-19T10:17:33","date_gmt":"2024-09-19T08:17:33","guid":{"rendered":"https:\/\/hypnosepraxis-greger.de\/?page_id=8281"},"modified":"2026-04-12T09:20:09","modified_gmt":"2026-04-12T07:20:09","slug":"terapist","status":"publish","type":"page","link":"https:\/\/hypnosepraxis-greger.de\/tr\/terapist\/","title":{"rendered":"Terapist"},"content":{"rendered":"\n<p class=\"animated fadeIn delay-200ms\">\u00d6zge Greger, psikoterapi alan\u0131nda Heilpraktiker unvan\u0131na sahip olup, sertifikal\u0131 hipnoz, EMDR ve Havening terapistidir. Uzun y\u0131llard\u0131r insanlar\u0131n eski kal\u0131plar\u0131n\u0131 \u00e7\u00f6zmelerine, kayg\u0131 ve <a href=\"https:\/\/hypnosepraxis-greger.de\/tr\/terapi-konulari\/fiziksel-sikayetler-agrilar\/\">a\u011fr\u0131lar\u0131n\u0131<\/a> azaltmalar\u0131na, hedeflerine daha kolay ula\u015fmalar\u0131na nazik, kal\u0131c\u0131 ve bireysel olarak uyarlanm\u0131\u015f bir yakla\u015f\u0131mla destek olmaktad\u0131r.<\/p>\n\n\n<style>.kb-row-layout-id8281_f3739d-ee > .kt-row-column-wrap{align-content:start;}:where(.kb-row-layout-id8281_f3739d-ee > .kt-row-column-wrap) > .wp-block-kadence-column{justify-content:start;}.kb-row-layout-id8281_f3739d-ee > .kt-row-column-wrap{column-gap:var(--global-kb-gap-md, 2rem);row-gap:var(--global-kb-gap-md, 2rem);padding-top:var(--global-kb-spacing-sm, 1.5rem);padding-bottom:var(--global-kb-spacing-sm, 1.5rem);}.kb-row-layout-id8281_f3739d-ee > .kt-row-column-wrap > div:not(.added-for-specificity){grid-column:initial;}.kb-row-layout-id8281_f3739d-ee > .kt-row-column-wrap{grid-template-columns:repeat(3, minmax(0, 1fr));}.kb-row-layout-id8281_f3739d-ee > .kt-row-layout-overlay{opacity:0.30;}@media all and (max-width: 1024px){.kb-row-layout-id8281_f3739d-ee > .kt-row-column-wrap > div:not(.added-for-specificity){grid-column:initial;}}@media all and (max-width: 1024px){.kb-row-layout-id8281_f3739d-ee > .kt-row-column-wrap{grid-template-columns:repeat(3, minmax(0, 1fr));}}@media all and (max-width: 767px){.kb-row-layout-id8281_f3739d-ee > .kt-row-column-wrap > div:not(.added-for-specificity){grid-column:initial;}.kb-row-layout-id8281_f3739d-ee > .kt-row-column-wrap{grid-template-columns:minmax(0, 1fr);}}<\/style><div class=\"kb-row-layout-wrap kb-row-layout-id8281_f3739d-ee alignnone wp-block-kadence-rowlayout\"><div class=\"kt-row-column-wrap kt-has-3-columns kt-row-layout-equal kt-tab-layout-inherit kt-mobile-layout-row kt-row-valign-top\">\n<style>.kadence-column8281_7771a8-8a > .kt-inside-inner-col{display:flex;}.kadence-column8281_7771a8-8a > .kt-inside-inner-col,.kadence-column8281_7771a8-8a > .kt-inside-inner-col:before{border-top-left-radius:0px;border-top-right-radius:0px;border-bottom-right-radius:0px;border-bottom-left-radius:0px;}.kadence-column8281_7771a8-8a > .kt-inside-inner-col{column-gap:var(--global-kb-gap-sm, 1rem);}.kadence-column8281_7771a8-8a > .kt-inside-inner-col{flex-direction:column;justify-content:flex-start;}.kadence-column8281_7771a8-8a > .kt-inside-inner-col > .aligncenter{width:100%;}.kt-row-column-wrap > .kadence-column8281_7771a8-8a{align-self:flex-start;}.kt-inner-column-height-full:not(.kt-has-1-columns) > .wp-block-kadence-column.kadence-column8281_7771a8-8a{align-self:auto;}.kt-inner-column-height-full:not(.kt-has-1-columns) > .wp-block-kadence-column.kadence-column8281_7771a8-8a > .kt-inside-inner-col{flex-direction:column;justify-content:flex-start;}.kadence-column8281_7771a8-8a > .kt-inside-inner-col:before{opacity:0.3;}.kadence-column8281_7771a8-8a{position:relative;}@media all and (max-width: 1024px){.kt-row-column-wrap > .kadence-column8281_7771a8-8a{align-self:flex-start;}}@media all and (max-width: 1024px){.kt-inner-column-height-full:not(.kt-has-1-columns) > .wp-block-kadence-column.kadence-column8281_7771a8-8a{align-self:auto;}}@media all and (max-width: 1024px){.kt-inner-column-height-full:not(.kt-has-1-columns) > .wp-block-kadence-column.kadence-column8281_7771a8-8a > .kt-inside-inner-col{flex-direction:column;justify-content:flex-start;}}@media all and (max-width: 1024px){.kadence-column8281_7771a8-8a > .kt-inside-inner-col{flex-direction:column;justify-content:flex-start;}}@media all and (max-width: 767px){.kt-row-column-wrap > .kadence-column8281_7771a8-8a{align-self:flex-start;}.kt-inner-column-height-full:not(.kt-has-1-columns) > .wp-block-kadence-column.kadence-column8281_7771a8-8a{align-self:auto;}.kt-inner-column-height-full:not(.kt-has-1-columns) > .wp-block-kadence-column.kadence-column8281_7771a8-8a > .kt-inside-inner-col{flex-direction:column;justify-content:flex-start;}.kadence-column8281_7771a8-8a > .kt-inside-inner-col{flex-direction:column;justify-content:flex-start;}}<\/style>\n<div class=\"wp-block-kadence-column kadence-column8281_7771a8-8a animated fadeIn delay-200ms\"><div class=\"kt-inside-inner-col\"><div class=\"wp-block-image zoom\">\n<figure class=\"aligncenter size-full is-resized\" id=\"hipnoz\"><a href=\"https:\/\/hypnosepraxis-greger.de\/tr\/hipnoz\/\"><img loading=\"lazy\" decoding=\"async\" width=\"1234\" height=\"1137\" src=\"https:\/\/hypnosepraxis-greger.de\/wp-content\/uploads\/2026\/02\/Hypnose_neu-1.png\" alt=\"\" class=\"wp-image-12265\" style=\"aspect-ratio:1.1322302937524553;object-fit:contain;width:123px;height:auto\" srcset=\"https:\/\/hypnosepraxis-greger.de\/wp-content\/uploads\/2026\/02\/Hypnose_neu-1.png 1234w, https:\/\/hypnosepraxis-greger.de\/wp-content\/uploads\/2026\/02\/Hypnose_neu-1-300x276.png 300w, https:\/\/hypnosepraxis-greger.de\/wp-content\/uploads\/2026\/02\/Hypnose_neu-1-1024x944.png 1024w, https:\/\/hypnosepraxis-greger.de\/wp-content\/uploads\/2026\/02\/Hypnose_neu-1-768x708.png 768w\" sizes=\"auto, (max-width: 706px) 89vw, (max-width: 767px) 82vw, 740px\" \/><\/a><\/figure>\n<\/div>\n\n\n<p class=\"has-text-align-center\"><strong>Hipnoz<\/strong><\/p>\n\n\n<style>.wp-block-kadence-advancedheading.kt-adv-heading8281_1fd295-0c, .wp-block-kadence-advancedheading.kt-adv-heading8281_1fd295-0c[data-kb-block=\"kb-adv-heading8281_1fd295-0c\"]{text-align:center;font-style:normal;}.wp-block-kadence-advancedheading.kt-adv-heading8281_1fd295-0c mark.kt-highlight, .wp-block-kadence-advancedheading.kt-adv-heading8281_1fd295-0c[data-kb-block=\"kb-adv-heading8281_1fd295-0c\"] mark.kt-highlight{font-style:normal;color:#f76a0c;-webkit-box-decoration-break:clone;box-decoration-break:clone;padding-top:0px;padding-right:0px;padding-bottom:0px;padding-left:0px;}.wp-block-kadence-advancedheading.kt-adv-heading8281_1fd295-0c img.kb-inline-image, .wp-block-kadence-advancedheading.kt-adv-heading8281_1fd295-0c[data-kb-block=\"kb-adv-heading8281_1fd295-0c\"] img.kb-inline-image{width:150px;vertical-align:baseline;}<\/style>\n<p class=\"kt-adv-heading8281_1fd295-0c wp-block-kadence-advancedheading\" data-kb-block=\"kb-adv-heading8281_1fd295-0c\">Derinlere yerle\u015fmi\u015f blokajlar\u0131 ve eski inan\u00e7 kal\u0131plar\u0131n\u0131 \u00e7\u00f6z\u00fcn. Daha fazla i\u00e7sel \u00f6zg\u00fcrl\u00fck, \u00f6zg\u00fcven ve hafiflik hissedin.<\/p>\n<\/div><\/div>\n\n\n<style>.kadence-column8281_586154-d0 > .kt-inside-inner-col{display:flex;}.kadence-column8281_586154-d0 > .kt-inside-inner-col,.kadence-column8281_586154-d0 > .kt-inside-inner-col:before{border-top-left-radius:0px;border-top-right-radius:0px;border-bottom-right-radius:0px;border-bottom-left-radius:0px;}.kadence-column8281_586154-d0 > .kt-inside-inner-col{column-gap:var(--global-kb-gap-sm, 1rem);}.kadence-column8281_586154-d0 > .kt-inside-inner-col{flex-direction:column;justify-content:flex-start;}.kadence-column8281_586154-d0 > .kt-inside-inner-col > .aligncenter{width:100%;}.kt-row-column-wrap > .kadence-column8281_586154-d0{align-self:flex-start;}.kt-inner-column-height-full:not(.kt-has-1-columns) > .wp-block-kadence-column.kadence-column8281_586154-d0{align-self:auto;}.kt-inner-column-height-full:not(.kt-has-1-columns) > .wp-block-kadence-column.kadence-column8281_586154-d0 > .kt-inside-inner-col{flex-direction:column;justify-content:flex-start;}.kadence-column8281_586154-d0 > .kt-inside-inner-col:before{opacity:0.3;}.kadence-column8281_586154-d0{position:relative;}@media all and (max-width: 1024px){.kt-row-column-wrap > .kadence-column8281_586154-d0{align-self:flex-start;}}@media all and (max-width: 1024px){.kt-inner-column-height-full:not(.kt-has-1-columns) > .wp-block-kadence-column.kadence-column8281_586154-d0{align-self:auto;}}@media all and (max-width: 1024px){.kt-inner-column-height-full:not(.kt-has-1-columns) > .wp-block-kadence-column.kadence-column8281_586154-d0 > .kt-inside-inner-col{flex-direction:column;justify-content:flex-start;}}@media all and (max-width: 1024px){.kadence-column8281_586154-d0 > .kt-inside-inner-col{flex-direction:column;justify-content:flex-start;}}@media all and (max-width: 767px){.kt-row-column-wrap > .kadence-column8281_586154-d0{align-self:flex-start;}.kt-inner-column-height-full:not(.kt-has-1-columns) > .wp-block-kadence-column.kadence-column8281_586154-d0{align-self:auto;}.kt-inner-column-height-full:not(.kt-has-1-columns) > .wp-block-kadence-column.kadence-column8281_586154-d0 > .kt-inside-inner-col{flex-direction:column;justify-content:flex-start;}.kadence-column8281_586154-d0 > .kt-inside-inner-col{flex-direction:column;justify-content:flex-start;}}<\/style>\n<div class=\"wp-block-kadence-column kadence-column8281_586154-d0 animated fadeIn delay-200ms\"><div class=\"kt-inside-inner-col\"><div class=\"wp-block-image zoom\">\n<figure class=\"aligncenter size-full is-resized\" id=\"emdr\"><a href=\"https:\/\/hypnosepraxis-greger.de\/tr\/emdr\/\"><img loading=\"lazy\" decoding=\"async\" width=\"1498\" height=\"812\" src=\"https:\/\/hypnosepraxis-greger.de\/wp-content\/uploads\/2026\/02\/EMDR_neu-1.png\" alt=\"\" class=\"wp-image-12268\" style=\"aspect-ratio:1.9843827145691875;object-fit:contain;width:163px;height:auto\" srcset=\"https:\/\/hypnosepraxis-greger.de\/wp-content\/uploads\/2026\/02\/EMDR_neu-1.png 1498w, https:\/\/hypnosepraxis-greger.de\/wp-content\/uploads\/2026\/02\/EMDR_neu-1-300x163.png 300w, https:\/\/hypnosepraxis-greger.de\/wp-content\/uploads\/2026\/02\/EMDR_neu-1-1024x555.png 1024w, https:\/\/hypnosepraxis-greger.de\/wp-content\/uploads\/2026\/02\/EMDR_neu-1-768x416.png 768w\" sizes=\"auto, (max-width: 706px) 89vw, (max-width: 767px) 82vw, 740px\" \/><\/a><\/figure>\n<\/div>\n\n\n<p><\/p>\n\n\n\n<p class=\"has-text-align-center\"><strong>EMDR<\/strong><\/p>\n\n\n<style>.wp-block-kadence-advancedheading.kt-adv-heading8281_4e8e0d-be, .wp-block-kadence-advancedheading.kt-adv-heading8281_4e8e0d-be[data-kb-block=\"kb-adv-heading8281_4e8e0d-be\"]{text-align:center;font-style:normal;}.wp-block-kadence-advancedheading.kt-adv-heading8281_4e8e0d-be mark.kt-highlight, .wp-block-kadence-advancedheading.kt-adv-heading8281_4e8e0d-be[data-kb-block=\"kb-adv-heading8281_4e8e0d-be\"] mark.kt-highlight{font-style:normal;color:#f76a0c;-webkit-box-decoration-break:clone;box-decoration-break:clone;padding-top:0px;padding-right:0px;padding-bottom:0px;padding-left:0px;}.wp-block-kadence-advancedheading.kt-adv-heading8281_4e8e0d-be img.kb-inline-image, .wp-block-kadence-advancedheading.kt-adv-heading8281_4e8e0d-be[data-kb-block=\"kb-adv-heading8281_4e8e0d-be\"] img.kb-inline-image{width:150px;vertical-align:baseline;}<\/style>\n<p class=\"kt-adv-heading8281_4e8e0d-be wp-block-kadence-advancedheading\" data-kb-block=\"kb-adv-heading8281_4e8e0d-be\">Zorlay\u0131c\u0131 an\u0131lar\u0131 nazik\u00e7e i\u015fleyin, stresi azalt\u0131n ve duygusal dengeyi yeniden bulun.<\/p>\n<\/div><\/div>\n\n\n<style>.kadence-column8281_ba6f84-6e > .kt-inside-inner-col{display:flex;}.kadence-column8281_ba6f84-6e > .kt-inside-inner-col,.kadence-column8281_ba6f84-6e > .kt-inside-inner-col:before{border-top-left-radius:0px;border-top-right-radius:0px;border-bottom-right-radius:0px;border-bottom-left-radius:0px;}.kadence-column8281_ba6f84-6e > .kt-inside-inner-col{column-gap:var(--global-kb-gap-sm, 1rem);}.kadence-column8281_ba6f84-6e > .kt-inside-inner-col{flex-direction:column;justify-content:flex-start;}.kadence-column8281_ba6f84-6e > .kt-inside-inner-col > .aligncenter{width:100%;}.kt-row-column-wrap > .kadence-column8281_ba6f84-6e{align-self:flex-start;}.kt-inner-column-height-full:not(.kt-has-1-columns) > .wp-block-kadence-column.kadence-column8281_ba6f84-6e{align-self:auto;}.kt-inner-column-height-full:not(.kt-has-1-columns) > .wp-block-kadence-column.kadence-column8281_ba6f84-6e > .kt-inside-inner-col{flex-direction:column;justify-content:flex-start;}.kadence-column8281_ba6f84-6e > .kt-inside-inner-col:before{opacity:0.3;}.kadence-column8281_ba6f84-6e{position:relative;}@media all and (max-width: 1024px){.kt-row-column-wrap > .kadence-column8281_ba6f84-6e{align-self:flex-start;}}@media all and (max-width: 1024px){.kt-inner-column-height-full:not(.kt-has-1-columns) > .wp-block-kadence-column.kadence-column8281_ba6f84-6e{align-self:auto;}}@media all and (max-width: 1024px){.kt-inner-column-height-full:not(.kt-has-1-columns) > .wp-block-kadence-column.kadence-column8281_ba6f84-6e > .kt-inside-inner-col{flex-direction:column;justify-content:flex-start;}}@media all and (max-width: 1024px){.kadence-column8281_ba6f84-6e > .kt-inside-inner-col{flex-direction:column;justify-content:flex-start;}}@media all and (max-width: 767px){.kt-row-column-wrap > .kadence-column8281_ba6f84-6e{align-self:flex-start;}.kt-inner-column-height-full:not(.kt-has-1-columns) > .wp-block-kadence-column.kadence-column8281_ba6f84-6e{align-self:auto;}.kt-inner-column-height-full:not(.kt-has-1-columns) > .wp-block-kadence-column.kadence-column8281_ba6f84-6e > .kt-inside-inner-col{flex-direction:column;justify-content:flex-start;}.kadence-column8281_ba6f84-6e > .kt-inside-inner-col{flex-direction:column;justify-content:flex-start;}}<\/style>\n<div class=\"wp-block-kadence-column kadence-column8281_ba6f84-6e animated fadeIn delay-200ms\"><div class=\"kt-inside-inner-col\"><div class=\"wp-block-image zoom\">\n<figure class=\"aligncenter size-full is-resized\" id=\"havening\"><a href=\"https:\/\/hypnosepraxis-greger.de\/tr\/havening\/\"><img loading=\"lazy\" decoding=\"async\" width=\"946\" height=\"959\" src=\"https:\/\/hypnosepraxis-greger.de\/wp-content\/uploads\/2026\/02\/Havening_neu-1.png\" alt=\"\" class=\"wp-image-12271\" style=\"aspect-ratio:1.3792402406375317;object-fit:contain;width:148px;height:auto\" srcset=\"https:\/\/hypnosepraxis-greger.de\/wp-content\/uploads\/2026\/02\/Havening_neu-1.png 946w, https:\/\/hypnosepraxis-greger.de\/wp-content\/uploads\/2026\/02\/Havening_neu-1-296x300.png 296w, https:\/\/hypnosepraxis-greger.de\/wp-content\/uploads\/2026\/02\/Havening_neu-1-768x779.png 768w, https:\/\/hypnosepraxis-greger.de\/wp-content\/uploads\/2026\/02\/Havening_neu-1-100x100.png 100w\" sizes=\"auto, (max-width: 706px) 89vw, (max-width: 767px) 82vw, 740px\" \/><\/a><\/figure>\n<\/div>\n\n\n<p class=\"has-text-align-center\"><strong>Havening<\/strong><\/p>\n\n\n<style>.wp-block-kadence-advancedheading.kt-adv-heading8281_51c8ce-d9, .wp-block-kadence-advancedheading.kt-adv-heading8281_51c8ce-d9[data-kb-block=\"kb-adv-heading8281_51c8ce-d9\"]{text-align:center;font-style:normal;}.wp-block-kadence-advancedheading.kt-adv-heading8281_51c8ce-d9 mark.kt-highlight, .wp-block-kadence-advancedheading.kt-adv-heading8281_51c8ce-d9[data-kb-block=\"kb-adv-heading8281_51c8ce-d9\"] mark.kt-highlight{font-style:normal;color:#f76a0c;-webkit-box-decoration-break:clone;box-decoration-break:clone;padding-top:0px;padding-right:0px;padding-bottom:0px;padding-left:0px;}.wp-block-kadence-advancedheading.kt-adv-heading8281_51c8ce-d9 img.kb-inline-image, .wp-block-kadence-advancedheading.kt-adv-heading8281_51c8ce-d9[data-kb-block=\"kb-adv-heading8281_51c8ce-d9\"] img.kb-inline-image{width:150px;vertical-align:baseline;}<\/style>\n<p class=\"kt-adv-heading8281_51c8ce-d9 wp-block-kadence-advancedheading\" data-kb-block=\"kb-adv-heading8281_51c8ce-d9\">Bedeninizi ve zihninizi sakinle\u015ftirin, gerginli\u011fi \u00e7\u00f6z\u00fcn ve an\u0131nda rahatlamay\u0131 deneyimleyin.<\/p>\n<\/div><\/div>\n\n<\/div><\/div>\n\n\n<hr class=\"wp-block-separator has-text-color has-alpha-channel-opacity has-background is-style-wide animated fadeIn delay-200ms\" style=\"background-color:#d3a84f;color:#d3a84f\"\/>\n\n\n\n<p class=\"has-text-align-center animated fadeIn delay-200ms has-text-color has-link-color has-medium-font-size wp-elements-64d3268f3fe9d11041e8d3d2969f9b9b\" style=\"color:#d3a84f\"><strong>De\u011fi\u015fime haz\u0131r m\u0131s\u0131n\u0131z?<\/strong><\/p>\n\n\n\n<hr class=\"wp-block-separator has-text-color has-alpha-channel-opacity has-background is-style-wide animated fadeIn delay-200ms\" style=\"background-color:#d3a84f;color:#d3a84f\"\/>\n\n\n<style>.wp-block-kadence-advancedheading.kt-adv-heading8281_b80ac2-53, .wp-block-kadence-advancedheading.kt-adv-heading8281_b80ac2-53[data-kb-block=\"kb-adv-heading8281_b80ac2-53\"]{text-align:center;font-style:normal;color:#d3a84f;}.wp-block-kadence-advancedheading.kt-adv-heading8281_b80ac2-53 mark.kt-highlight, .wp-block-kadence-advancedheading.kt-adv-heading8281_b80ac2-53[data-kb-block=\"kb-adv-heading8281_b80ac2-53\"] mark.kt-highlight{font-style:normal;color:#f76a0c;-webkit-box-decoration-break:clone;box-decoration-break:clone;padding-top:0px;padding-right:0px;padding-bottom:0px;padding-left:0px;}.wp-block-kadence-advancedheading.kt-adv-heading8281_b80ac2-53 img.kb-inline-image, .wp-block-kadence-advancedheading.kt-adv-heading8281_b80ac2-53[data-kb-block=\"kb-adv-heading8281_b80ac2-53\"] img.kb-inline-image{width:150px;vertical-align:baseline;}<\/style>\n<p class=\"kt-adv-heading8281_b80ac2-53 animated fadeIn delay-200ms wp-block-kadence-advancedheading\" data-kb-block=\"kb-adv-heading8281_b80ac2-53\"><em>\u015eimdi daha fazla i\u00e7 huzur, netlik ve \u00f6z-y\u00f6netim i\u00e7in yolculu\u011funuza ba\u015flay\u0131n<\/em>.<\/p>\n\n\n\n<div class=\"wp-block-buttons is-content-justification-center is-layout-flex wp-container-core-buttons-is-layout-16018d1d wp-block-buttons-is-layout-flex\">\n<div class=\"wp-block-button animated bounceIn\"><a class=\"wp-block-button__link has-background wp-element-button\" href=\"https:\/\/hypnosepraxis-greger.de\/tr\/randevu-al\/\" style=\"background-color:#d3a84f\" target=\"_blank\" rel=\"noreferrer noopener\">Randevu Al<\/a><\/div>\n<\/div>\n\n\n\n<p><\/p>\n\n\n\n<p class=\"has-text-align-center animated fadeIn delay-200ms\">T\u00fcm seanslar\u0131 online olarak da sunuyoruz \u2014 T\u00fcrk\u00e7e,&nbsp;<a href=\"https:\/\/hypnosepraxis-greger.de\/\">Almanca<\/a>&nbsp;veya&nbsp;<a href=\"https:\/\/hypnosepraxis-greger.de\/en\/\">\u0130ngilizce<\/a>&nbsp;olarak.<\/p>\n","protected":false},"excerpt":{"rendered":"<p>\u00d6zge Greger, psikoterapi alan\u0131nda Heilpraktiker unvan\u0131na sahip olup, sertifikal\u0131 hipnoz, EMDR ve Havening terapistidir. Uzun y\u0131llard\u0131r insanlar\u0131n eski kal\u0131plar\u0131n\u0131 \u00e7\u00f6zmelerine, kayg\u0131 ve a\u011fr\u0131lar\u0131n\u0131 azaltmalar\u0131na, hedeflerine daha kolay ula\u015fmalar\u0131na nazik, kal\u0131c\u0131 ve bireysel olarak uyarlanm\u0131\u015f bir yakla\u015f\u0131mla destek olmaktad\u0131r. Hipnoz Derinlere yerle\u015fmi\u015f blokajlar\u0131 ve eski inan\u00e7 kal\u0131plar\u0131n\u0131 \u00e7\u00f6z\u00fcn. Daha fazla i\u00e7sel \u00f6zg\u00fcrl\u00fck, \u00f6zg\u00fcven ve hafiflik hissedin. &hellip; <\/p>\n<p class=\"link-more\"><a href=\"https:\/\/hypnosepraxis-greger.de\/tr\/terapist\/\" class=\"more-link\">Okumaya devam et<span class=\"screen-reader-text\"> &#8220;Terapist&#8221;<\/span><\/a><\/p>\n","protected":false},"author":1,"featured_media":3647,"parent":0,"menu_order":0,"comment_status":"closed","ping_status":"closed","template":"","meta":{"footnotes":""},"class_list":["post-8281","page","type-page","status-publish","has-post-thumbnail","hentry"],"_links":{"self":[{"href":"https:\/\/hypnosepraxis-greger.de\/tr\/wp-json\/wp\/v2\/pages\/8281","targetHints":{"allow":["GET"]}}],"collection":[{"href":"https:\/\/hypnosepraxis-greger.de\/tr\/wp-json\/wp\/v2\/pages"}],"about":[{"href":"https:\/\/hypnosepraxis-greger.de\/tr\/wp-json\/wp\/v2\/types\/page"}],"author":[{"embeddable":true,"href":"https:\/\/hypnosepraxis-greger.de\/tr\/wp-json\/wp\/v2\/users\/1"}],"replies":[{"embeddable":true,"href":"https:\/\/hypnosepraxis-greger.de\/tr\/wp-json\/wp\/v2\/comments?post=8281"}],"version-history":[{"count":13,"href":"https:\/\/hypnosepraxis-greger.de\/tr\/wp-json\/wp\/v2\/pages\/8281\/revisions"}],"predecessor-version":[{"id":14389,"href":"https:\/\/hypnosepraxis-greger.de\/tr\/wp-json\/wp\/v2\/pages\/8281\/revisions\/14389"}],"wp:featuredmedia":[{"embeddable":true,"href":"https:\/\/hypnosepraxis-greger.de\/tr\/wp-json\/wp\/v2\/media\/3647"}],"wp:attachment":[{"href":"https:\/\/hypnosepraxis-greger.de\/tr\/wp-json\/wp\/v2\/media?parent=8281"}],"curies":[{"name":"wp","href":"https:\/\/api.w.org\/{rel}","templated":true}]}}